{"id":6033,"date":"2023-03-22T07:15:20","date_gmt":"2023-03-22T06:15:20","guid":{"rendered":"https:\/\/winfield.lestaffdigital.fr\/?post_type=product&#038;p=6033"},"modified":"2025-02-11T14:17:36","modified_gmt":"2025-02-11T13:17:36","slug":"f4-driving-experience","status":"publish","type":"product","link":"https:\/\/winfield.lestaffdigital.fr\/fr\/produit\/f4-driving-experience\/","title":{"rendered":"F4 DRIVING EXPERIENCE EUROPE"},"content":{"rendered":"<div class=\"flex-shrink-0 flex flex-col relative items-end\">\n<div>\n<div class=\"pt-0\">\n<div class=\"gizmo-bot-avatar flex h-8 w-8 items-center justify-center overflow-hidden rounded-full\">\n<div class=\"relative p-1 rounded-sm flex items-center justify-center bg-token-main-surface-primary text-token-text-primary h-8 w-8\">Vous avez toujours r\u00eav\u00e9 de conduire une voiture de course ? Vous voulez amener vos comp\u00e9tences de pilotage \u00e0 un niveau sup\u00e9rieur ? Pr\u00e9parez-vous \u00e0 lib\u00e9rer votre passion, que vous soyez un pilote exp\u00e9riment\u00e9 ou un d\u00e9butant, avec la F4 Driving Experience. Aucune exp\u00e9rience sur circuit n&rsquo;est n\u00e9cessaire pour vivre \u00e0 la vitesse d&rsquo;un pilote de course, il suffit d&rsquo;avoir une bonne dose d&rsquo;adr\u00e9naline.<\/div>\n<\/div>\n<\/div>\n<\/div>\n<\/div>\n<div class=\"group\/conversation-turn relative flex w-full min-w-0 flex-col agent-turn\">\n<div class=\"flex-col gap-1 md:gap-3\">\n<div class=\"flex flex-grow flex-col max-w-full\">\n<div class=\"min-h-[20px] text-message flex w-full flex-col items-end gap-2 whitespace-pre-wrap break-words [.text-message+&amp;]:mt-5 overflow-x-auto\" dir=\"auto\" data-message-author-role=\"assistant\" data-message-id=\"f05ac149-15dc-45e8-9a31-e58badaff05a\">\n<div class=\"flex w-full flex-col gap-1 empty:hidden first:pt-[3px]\">\n<div class=\"markdown prose w-full break-words dark:prose-invert dark\">\n<p>Imaginez-vous dans la peau d&rsquo;un pilote de course professionnel avec nous. Vous commencerez votre journ\u00e9e par un briefing de s\u00e9curit\u00e9 complet, vous pr\u00e9parant mentalement et physiquement \u00e0 l&rsquo;exaltante aventure qui vous attend. Et lorsque vous vous lancerez sur le circuit Paul Ricard, son concept embl\u00e9matique de zones de d\u00e9gagement vous assurera un environnement \u00e0 la fois s\u00fbr et palpitant pour repousser vos limites. Mais il ne s&rsquo;agit pas seulement de sensations fortes ; il s&rsquo;agit de perfectionner vos comp\u00e9tences. Notre \u00e9quipe d&rsquo;experts a \u00e9labor\u00e9 un programme qui vous immerge dans tous les aspects de la course professionnelle. Des sessions d&rsquo;analyse de donn\u00e9es avec nos ing\u00e9nieurs au coaching pratique par des instructeurs chevronn\u00e9s, chaque moment est con\u00e7u pour maximiser \u00e0 la fois le plaisir et la s\u00e9curit\u00e9.<\/p>\n<p>Bien attach\u00e9 dans le cockpit, vous faites d\u00e9sormais partie de la voiture. Pr\u00e9cis, rapide, chaque virage est transmis \u00e0 votre corps. Chaque tour devient plus fluide \u00e0 mesure que votre confiance grandit. Un moment de conduite incroyablement gratifiant, avec des virages \u00e0 haute vitesse exaltants qui vous feront vivre certaines des \u00e9motions les plus intenses de votre vie. La WINFIELD F4 DRIVING EXPERIENCE ne consiste pas seulement \u00e0 monter dans une belle voiture et \u00e0 faire des tours de piste. Il s&rsquo;agit de vivre l&rsquo;exp\u00e9rience r\u00e9elle d&rsquo;un pilote de course, de cr\u00e9er des souvenirs incroyables et de vivre une aventure unique dans une vie.<\/p>\n<\/div>\n<\/div>\n<\/div>\n<\/div>\n<\/div>\n<\/div>\n","protected":false},"excerpt":{"rendered":"<p><span style=\"font-weight: 400;\">D\u00e9couvrez l&rsquo;art du pilotage sur circuit en monoplace aux c\u00f4t\u00e9s de professionnels.<\/span><\/p>\n","protected":false},"featured_media":6380,"template":"","meta":{"_acf_changed":false},"product_brand":[],"product_cat":[16],"product_tag":[],"class_list":{"0":"post-6033","1":"product","2":"type-product","3":"status-publish","4":"has-post-thumbnail","6":"product_cat-driving-experience","8":"first","9":"instock","10":"taxable","11":"shipping-taxable","12":"purchasable","13":"product-type-variable","14":"has-default-attributes"},"acf":[],"yoast_head":"<!-- This site is optimized with the Yoast SEO plugin v27.4 - https:\/\/yoast.com\/product\/yoast-seo-wordpress\/ -->\n<title>F4 DRIVING EXPERIENCE EUROPE - Winfield Racing School<\/title>\n<meta name=\"description\" content=\"Lib\u00e9rez votre passion en faisant vos premiers pas au volant d&#039;une monoplace avec la F4 DRIVING EXPERIENCE sur le circuit embl\u00e9matique du Paul Ricard !\" \/>\n<meta name=\"robots\" content=\"index, follow, max-snippet:-1, max-image-preview:large, max-video-preview:-1\" \/>\n<link rel=\"canonical\" href=\"https:\/\/winfield.lestaffdigital.fr\/fr\/produit\/f4-driving-experience\/\" \/>\n<meta property=\"og:locale\" content=\"fr_FR\" \/>\n<meta property=\"og:type\" content=\"article\" \/>\n<meta property=\"og:title\" content=\"F4 DRIVING EXPERIENCE EUROPE - Winfield Racing School\" \/>\n<meta property=\"og:description\" content=\"Lib\u00e9rez votre passion en faisant vos premiers pas au volant d&#039;une monoplace avec la F4 DRIVING EXPERIENCE sur le circuit embl\u00e9matique du Paul Ricard !\" \/>\n<meta property=\"og:url\" content=\"https:\/\/winfield.lestaffdigital.fr\/fr\/produit\/f4-driving-experience\/\" \/>\n<meta property=\"og:site_name\" content=\"Winfield\" \/>\n<meta property=\"article:modified_time\" content=\"2025-02-11T13:17:36+00:00\" \/>\n<meta property=\"og:image\" content=\"https:\/\/winfield.lestaffdigital.fr\/wp-content\/uploads\/2023\/03\/F4-DRIVEX_Header-1-1-scaled-1.jpg\" \/>\n\t<meta property=\"og:image:width\" content=\"2560\" \/>\n\t<meta property=\"og:image:height\" content=\"1535\" \/>\n\t<meta property=\"og:image:type\" content=\"image\/jpeg\" \/>\n<meta name=\"twitter:card\" content=\"summary_large_image\" \/>\n<meta name=\"twitter:label1\" content=\"Dur\u00e9e de lecture estim\u00e9e\" \/>\n\t<meta name=\"twitter:data1\" content=\"2 minutes\" \/>\n<script type=\"application\/ld+json\" class=\"yoast-schema-graph\">{\"@context\":\"https:\\\/\\\/schema.org\",\"@graph\":[{\"@type\":\"WebPage\",\"@id\":\"https:\\\/\\\/winfield.lestaffdigital.fr\\\/fr\\\/produit\\\/f4-driving-experience\\\/\",\"url\":\"https:\\\/\\\/winfield.lestaffdigital.fr\\\/fr\\\/produit\\\/f4-driving-experience\\\/\",\"name\":\"F4 DRIVING EXPERIENCE EUROPE - Winfield Racing School\",\"isPartOf\":{\"@id\":\"https:\\\/\\\/winfield.lestaffdigital.fr\\\/fr\\\/#website\"},\"primaryImageOfPage\":{\"@id\":\"https:\\\/\\\/winfield.lestaffdigital.fr\\\/fr\\\/produit\\\/f4-driving-experience\\\/#primaryimage\"},\"image\":{\"@id\":\"https:\\\/\\\/winfield.lestaffdigital.fr\\\/fr\\\/produit\\\/f4-driving-experience\\\/#primaryimage\"},\"thumbnailUrl\":\"https:\\\/\\\/winfield.lestaffdigital.fr\\\/wp-content\\\/uploads\\\/2023\\\/03\\\/F4-DRIVEX_Header-1-1-scaled-1.jpg\",\"datePublished\":\"2023-03-22T06:15:20+00:00\",\"dateModified\":\"2025-02-11T13:17:36+00:00\",\"description\":\"Lib\u00e9rez votre passion en faisant vos premiers pas au volant d'une monoplace avec la F4 DRIVING EXPERIENCE sur le circuit embl\u00e9matique du Paul Ricard !\",\"breadcrumb\":{\"@id\":\"https:\\\/\\\/winfield.lestaffdigital.fr\\\/fr\\\/produit\\\/f4-driving-experience\\\/#breadcrumb\"},\"inLanguage\":\"fr-FR\",\"potentialAction\":[{\"@type\":\"ReadAction\",\"target\":[\"https:\\\/\\\/winfield.lestaffdigital.fr\\\/fr\\\/produit\\\/f4-driving-experience\\\/\"]}]},{\"@type\":\"ImageObject\",\"inLanguage\":\"fr-FR\",\"@id\":\"https:\\\/\\\/winfield.lestaffdigital.fr\\\/fr\\\/produit\\\/f4-driving-experience\\\/#primaryimage\",\"url\":\"https:\\\/\\\/winfield.lestaffdigital.fr\\\/wp-content\\\/uploads\\\/2023\\\/03\\\/F4-DRIVEX_Header-1-1-scaled-1.jpg\",\"contentUrl\":\"https:\\\/\\\/winfield.lestaffdigital.fr\\\/wp-content\\\/uploads\\\/2023\\\/03\\\/F4-DRIVEX_Header-1-1-scaled-1.jpg\",\"width\":2560,\"height\":1535},{\"@type\":\"BreadcrumbList\",\"@id\":\"https:\\\/\\\/winfield.lestaffdigital.fr\\\/fr\\\/produit\\\/f4-driving-experience\\\/#breadcrumb\",\"itemListElement\":[{\"@type\":\"ListItem\",\"position\":1,\"name\":\"Home\",\"item\":\"https:\\\/\\\/winfield.lestaffdigital.fr\\\/fr\\\/\"},{\"@type\":\"ListItem\",\"position\":2,\"name\":\"Exp\u00e9riences de pilotage\",\"item\":\"\\\/category\\\/driving-experience\\\/driving-experience\"},{\"@type\":\"ListItem\",\"position\":3,\"name\":\"F4 DRIVING EXPERIENCE EUROPE\"}]},{\"@type\":\"WebSite\",\"@id\":\"https:\\\/\\\/winfield.lestaffdigital.fr\\\/fr\\\/#website\",\"url\":\"https:\\\/\\\/winfield.lestaffdigital.fr\\\/fr\\\/\",\"name\":\"Winfield\",\"description\":\"Circuit automobile &amp; \u00c9cole de pilotage\",\"publisher\":{\"@id\":\"https:\\\/\\\/winfield.lestaffdigital.fr\\\/fr\\\/#organization\"},\"potentialAction\":[{\"@type\":\"SearchAction\",\"target\":{\"@type\":\"EntryPoint\",\"urlTemplate\":\"https:\\\/\\\/winfield.lestaffdigital.fr\\\/fr\\\/?s={search_term_string}\"},\"query-input\":{\"@type\":\"PropertyValueSpecification\",\"valueRequired\":true,\"valueName\":\"search_term_string\"}}],\"inLanguage\":\"fr-FR\"},{\"@type\":\"Organization\",\"@id\":\"https:\\\/\\\/winfield.lestaffdigital.fr\\\/fr\\\/#organization\",\"name\":\"Winfield\",\"url\":\"https:\\\/\\\/winfield.lestaffdigital.fr\\\/fr\\\/\",\"logo\":{\"@type\":\"ImageObject\",\"inLanguage\":\"fr-FR\",\"@id\":\"https:\\\/\\\/winfield.lestaffdigital.fr\\\/fr\\\/#\\\/schema\\\/logo\\\/image\\\/\",\"url\":\"https:\\\/\\\/winfield.lestaffdigital.fr\\\/wp-content\\\/uploads\\\/2023\\\/03\\\/Groupe-452.png\",\"contentUrl\":\"https:\\\/\\\/winfield.lestaffdigital.fr\\\/wp-content\\\/uploads\\\/2023\\\/03\\\/Groupe-452.png\",\"width\":186,\"height\":72,\"caption\":\"Winfield\"},\"image\":{\"@id\":\"https:\\\/\\\/winfield.lestaffdigital.fr\\\/fr\\\/#\\\/schema\\\/logo\\\/image\\\/\"}}]}<\/script>\n<!-- \/ Yoast SEO plugin. -->","yoast_head_json":{"title":"F4 DRIVING EXPERIENCE EUROPE - Winfield Racing School","description":"Lib\u00e9rez votre passion en faisant vos premiers pas au volant d'une monoplace avec la F4 DRIVING EXPERIENCE sur le circuit embl\u00e9matique du Paul Ricard !","robots":{"index":"index","follow":"follow","max-snippet":"max-snippet:-1","max-image-preview":"max-image-preview:large","max-video-preview":"max-video-preview:-1"},"canonical":"https:\/\/winfield.lestaffdigital.fr\/fr\/produit\/f4-driving-experience\/","og_locale":"fr_FR","og_type":"article","og_title":"F4 DRIVING EXPERIENCE EUROPE - Winfield Racing School","og_description":"Lib\u00e9rez votre passion en faisant vos premiers pas au volant d'une monoplace avec la F4 DRIVING EXPERIENCE sur le circuit embl\u00e9matique du Paul Ricard !","og_url":"https:\/\/winfield.lestaffdigital.fr\/fr\/produit\/f4-driving-experience\/","og_site_name":"Winfield","article_modified_time":"2025-02-11T13:17:36+00:00","og_image":[{"width":2560,"height":1535,"url":"https:\/\/winfield.lestaffdigital.fr\/wp-content\/uploads\/2023\/03\/F4-DRIVEX_Header-1-1-scaled-1.jpg","type":"image\/jpeg"}],"twitter_card":"summary_large_image","twitter_misc":{"Dur\u00e9e de lecture estim\u00e9e":"2 minutes"},"schema":{"@context":"https:\/\/schema.org","@graph":[{"@type":"WebPage","@id":"https:\/\/winfield.lestaffdigital.fr\/fr\/produit\/f4-driving-experience\/","url":"https:\/\/winfield.lestaffdigital.fr\/fr\/produit\/f4-driving-experience\/","name":"F4 DRIVING EXPERIENCE EUROPE - Winfield Racing School","isPartOf":{"@id":"https:\/\/winfield.lestaffdigital.fr\/fr\/#website"},"primaryImageOfPage":{"@id":"https:\/\/winfield.lestaffdigital.fr\/fr\/produit\/f4-driving-experience\/#primaryimage"},"image":{"@id":"https:\/\/winfield.lestaffdigital.fr\/fr\/produit\/f4-driving-experience\/#primaryimage"},"thumbnailUrl":"https:\/\/winfield.lestaffdigital.fr\/wp-content\/uploads\/2023\/03\/F4-DRIVEX_Header-1-1-scaled-1.jpg","datePublished":"2023-03-22T06:15:20+00:00","dateModified":"2025-02-11T13:17:36+00:00","description":"Lib\u00e9rez votre passion en faisant vos premiers pas au volant d'une monoplace avec la F4 DRIVING EXPERIENCE sur le circuit embl\u00e9matique du Paul Ricard !","breadcrumb":{"@id":"https:\/\/winfield.lestaffdigital.fr\/fr\/produit\/f4-driving-experience\/#breadcrumb"},"inLanguage":"fr-FR","potentialAction":[{"@type":"ReadAction","target":["https:\/\/winfield.lestaffdigital.fr\/fr\/produit\/f4-driving-experience\/"]}]},{"@type":"ImageObject","inLanguage":"fr-FR","@id":"https:\/\/winfield.lestaffdigital.fr\/fr\/produit\/f4-driving-experience\/#primaryimage","url":"https:\/\/winfield.lestaffdigital.fr\/wp-content\/uploads\/2023\/03\/F4-DRIVEX_Header-1-1-scaled-1.jpg","contentUrl":"https:\/\/winfield.lestaffdigital.fr\/wp-content\/uploads\/2023\/03\/F4-DRIVEX_Header-1-1-scaled-1.jpg","width":2560,"height":1535},{"@type":"BreadcrumbList","@id":"https:\/\/winfield.lestaffdigital.fr\/fr\/produit\/f4-driving-experience\/#breadcrumb","itemListElement":[{"@type":"ListItem","position":1,"name":"Home","item":"https:\/\/winfield.lestaffdigital.fr\/fr\/"},{"@type":"ListItem","position":2,"name":"Exp\u00e9riences de pilotage","item":"\/category\/driving-experience\/driving-experience"},{"@type":"ListItem","position":3,"name":"F4 DRIVING EXPERIENCE EUROPE"}]},{"@type":"WebSite","@id":"https:\/\/winfield.lestaffdigital.fr\/fr\/#website","url":"https:\/\/winfield.lestaffdigital.fr\/fr\/","name":"Winfield","description":"Circuit automobile &amp; \u00c9cole de pilotage","publisher":{"@id":"https:\/\/winfield.lestaffdigital.fr\/fr\/#organization"},"potentialAction":[{"@type":"SearchAction","target":{"@type":"EntryPoint","urlTemplate":"https:\/\/winfield.lestaffdigital.fr\/fr\/?s={search_term_string}"},"query-input":{"@type":"PropertyValueSpecification","valueRequired":true,"valueName":"search_term_string"}}],"inLanguage":"fr-FR"},{"@type":"Organization","@id":"https:\/\/winfield.lestaffdigital.fr\/fr\/#organization","name":"Winfield","url":"https:\/\/winfield.lestaffdigital.fr\/fr\/","logo":{"@type":"ImageObject","inLanguage":"fr-FR","@id":"https:\/\/winfield.lestaffdigital.fr\/fr\/#\/schema\/logo\/image\/","url":"https:\/\/winfield.lestaffdigital.fr\/wp-content\/uploads\/2023\/03\/Groupe-452.png","contentUrl":"https:\/\/winfield.lestaffdigital.fr\/wp-content\/uploads\/2023\/03\/Groupe-452.png","width":186,"height":72,"caption":"Winfield"},"image":{"@id":"https:\/\/winfield.lestaffdigital.fr\/fr\/#\/schema\/logo\/image\/"}}]}},"_links":{"self":[{"href":"https:\/\/winfield.lestaffdigital.fr\/fr\/wp-json\/wp\/v2\/product\/6033","targetHints":{"allow":["GET"]}}],"collection":[{"href":"https:\/\/winfield.lestaffdigital.fr\/fr\/wp-json\/wp\/v2\/product"}],"about":[{"href":"https:\/\/winfield.lestaffdigital.fr\/fr\/wp-json\/wp\/v2\/types\/product"}],"wp:featuredmedia":[{"embeddable":true,"href":"https:\/\/winfield.lestaffdigital.fr\/fr\/wp-json\/wp\/v2\/media\/6380"}],"wp:attachment":[{"href":"https:\/\/winfield.lestaffdigital.fr\/fr\/wp-json\/wp\/v2\/media?parent=6033"}],"wp:term":[{"taxonomy":"product_brand","embeddable":true,"href":"https:\/\/winfield.lestaffdigital.fr\/fr\/wp-json\/wp\/v2\/product_brand?post=6033"},{"taxonomy":"product_cat","embeddable":true,"href":"https:\/\/winfield.lestaffdigital.fr\/fr\/wp-json\/wp\/v2\/product_cat?post=6033"},{"taxonomy":"product_tag","embeddable":true,"href":"https:\/\/winfield.lestaffdigital.fr\/fr\/wp-json\/wp\/v2\/product_tag?post=6033"}],"curies":[{"name":"wp","href":"https:\/\/api.w.org\/{rel}","templated":true}]}}