{"id":6027,"date":"2023-04-13T23:56:01","date_gmt":"2023-04-13T21:56:01","guid":{"rendered":"https:\/\/winfield.lestaffdigital.fr\/?post_type=product&#038;p=6027"},"modified":"2025-02-11T14:31:52","modified_gmt":"2025-02-11T13:31:52","slug":"bapteme-biplace","status":"publish","type":"product","link":"https:\/\/winfield.lestaffdigital.fr\/fr\/produit\/bapteme-biplace\/","title":{"rendered":"BAPT\u00caME BIPLACE"},"content":{"rendered":"<p>Ressentez-vous l\u2019envie irr\u00e9sistible de vivre des sensations automobiles intenses ? Imaginez-vous \u00e0 bord de notre fus\u00e9e \u00e0 quatre roues, pour un bapt\u00eame dans la Formule biplace, conduite par un pilote professionnel sur le circuit embl\u00e9matique et s\u00e9curis\u00e9 du Circuit Paul Ricard.<\/p>\n<p>Acc\u00e9l\u00e9rations \u00e9poustouflantes. Freinages impressionnants. G-forces hallucinantes. Pr\u00e9parez-vous \u00e0 \u00eatre submerg\u00e9 par vos sens ; cette aventure en montagnes russes est la v\u00e9ritable d\u00e9finition d&rsquo;un \u00ab shot d&rsquo;adr\u00e9naline \u00bb. Vous ressentirez les m\u00eames sensations qu\u2019un pilote de Formule 1, cr\u00e9ant des souvenirs s\u00fbrs et palpitants qui dureront toute une vie. Chaque virage de l&rsquo;un des circuits les plus \u00e0 la pointe de l&rsquo;Europe sera grav\u00e9 dans votre m\u00e9moire, vous laissant une exp\u00e9rience qui r\u00e9sonnera pour toujours.<\/p>\n<p>Ne vous inqui\u00e9tez de rien \u2013 nos pilotes sont des professionnels chevronn\u00e9s qui connaissent le Circuit Paul Ricard comme leur poche. Accrochez-vous et laissez-les faire ce qu&rsquo;ils font de mieux : conduire comme des champions. Ressentez l&rsquo;adr\u00e9naline lorsqu&rsquo;ils repoussent les limites de l&rsquo;homme et de la machine, lib\u00e9rant tout le potentiel de notre fus\u00e9e \u00e0 quatre roues sur la piste. En vous accrochant de toutes vos forces, vous r\u00e9aliserez ce qu&rsquo;il faut vraiment pour \u00eatre un pilote de course.<\/p>\n<p>Alors attachez vos ceintures, tenez-vous bien et pr\u00e9parez-vous \u00e0 vivre le tour de votre vie en tant que passager d&rsquo;un pilote professionnel lors de notre Bapt\u00eame biplace. \u00c0 chaque moment palpitant, vous cr\u00e9erez des souvenirs, cimentant cette exp\u00e9rience unique comme l&rsquo;une des aventures les plus exaltantes que vous ayez jamais entreprises.<\/p>\n<p>L&rsquo;activit\u00e9 est soumise \u00e0 un seuil minimum de participants selon les dates et peut \u00eatre annul\u00e9e et report\u00e9e si ce seuil de r\u00e9servations n&rsquo;est pas atteint. Dur\u00e9e moyenne de l&rsquo;exp\u00e9rience : 3 heures.<\/p>\n","protected":false},"excerpt":{"rendered":"<p><span style=\"font-weight: 400;\">Une exp\u00e9rience inoubliable en Formule biplace avec un pilote professionnel.<\/span><\/p>\n","protected":false},"featured_media":3290,"template":"","meta":{"_acf_changed":false},"product_brand":[],"product_cat":[16],"product_tag":[],"class_list":{"0":"post-6027","1":"product","2":"type-product","3":"status-publish","4":"has-post-thumbnail","6":"product_cat-driving-experience","8":"first","9":"instock","10":"taxable","11":"shipping-taxable","12":"purchasable","13":"product-type-variable","14":"has-default-attributes"},"acf":[],"yoast_head":"<!-- This site is optimized with the Yoast SEO plugin v27.6 - https:\/\/yoast.com\/product\/yoast-seo-wordpress\/ -->\n<title>BAPT\u00caME BIPLACE - Winfield Racing School<\/title>\n<meta name=\"description\" content=\"Montez \u00e0 bord de notre fus\u00e9e \u00e0 quatre roues, conduite par un pilote professionnel sur le Circuit Paul Ricard avec l&#039;inoubliable Bapt\u00eame biplace.\" \/>\n<meta name=\"robots\" content=\"index, follow, max-snippet:-1, max-image-preview:large, max-video-preview:-1\" \/>\n<link rel=\"canonical\" href=\"https:\/\/winfield.lestaffdigital.fr\/fr\/produit\/bapteme-biplace\/\" \/>\n<meta property=\"og:locale\" content=\"fr_FR\" \/>\n<meta property=\"og:type\" content=\"article\" \/>\n<meta property=\"og:title\" content=\"BAPT\u00caME BIPLACE - Winfield Racing School\" \/>\n<meta property=\"og:description\" content=\"Montez \u00e0 bord de notre fus\u00e9e \u00e0 quatre roues, conduite par un pilote professionnel sur le Circuit Paul Ricard avec l&#039;inoubliable Bapt\u00eame biplace.\" \/>\n<meta property=\"og:url\" content=\"https:\/\/winfield.lestaffdigital.fr\/fr\/produit\/bapteme-biplace\/\" \/>\n<meta property=\"og:site_name\" content=\"Winfield\" \/>\n<meta property=\"article:modified_time\" content=\"2025-02-11T13:31:52+00:00\" \/>\n<meta property=\"og:image\" content=\"https:\/\/winfield.lestaffdigital.fr\/wp-content\/uploads\/2023\/04\/TwoSeater_HEADER-1-scaled.jpg\" \/>\n\t<meta property=\"og:image:width\" content=\"2560\" \/>\n\t<meta property=\"og:image:height\" content=\"1707\" \/>\n\t<meta property=\"og:image:type\" content=\"image\/jpeg\" \/>\n<meta name=\"twitter:card\" content=\"summary_large_image\" \/>\n<meta name=\"twitter:label1\" content=\"Dur\u00e9e de lecture estim\u00e9e\" \/>\n\t<meta name=\"twitter:data1\" content=\"2 minutes\" \/>\n<script type=\"application\/ld+json\" class=\"yoast-schema-graph\">{\"@context\":\"https:\\\/\\\/schema.org\",\"@graph\":[{\"@type\":\"WebPage\",\"@id\":\"https:\\\/\\\/winfield.lestaffdigital.fr\\\/fr\\\/produit\\\/bapteme-biplace\\\/\",\"url\":\"https:\\\/\\\/winfield.lestaffdigital.fr\\\/fr\\\/produit\\\/bapteme-biplace\\\/\",\"name\":\"BAPT\u00caME BIPLACE - Winfield Racing School\",\"isPartOf\":{\"@id\":\"https:\\\/\\\/winfield.lestaffdigital.fr\\\/fr\\\/#website\"},\"primaryImageOfPage\":{\"@id\":\"https:\\\/\\\/winfield.lestaffdigital.fr\\\/fr\\\/produit\\\/bapteme-biplace\\\/#primaryimage\"},\"image\":{\"@id\":\"https:\\\/\\\/winfield.lestaffdigital.fr\\\/fr\\\/produit\\\/bapteme-biplace\\\/#primaryimage\"},\"thumbnailUrl\":\"https:\\\/\\\/winfield.lestaffdigital.fr\\\/wp-content\\\/uploads\\\/2023\\\/04\\\/TwoSeater_HEADER-1-scaled.jpg\",\"datePublished\":\"2023-04-13T21:56:01+00:00\",\"dateModified\":\"2025-02-11T13:31:52+00:00\",\"description\":\"Montez \u00e0 bord de notre fus\u00e9e \u00e0 quatre roues, conduite par un pilote professionnel sur le Circuit Paul Ricard avec l'inoubliable Bapt\u00eame biplace.\",\"breadcrumb\":{\"@id\":\"https:\\\/\\\/winfield.lestaffdigital.fr\\\/fr\\\/produit\\\/bapteme-biplace\\\/#breadcrumb\"},\"inLanguage\":\"fr-FR\",\"potentialAction\":[{\"@type\":\"ReadAction\",\"target\":[\"https:\\\/\\\/winfield.lestaffdigital.fr\\\/fr\\\/produit\\\/bapteme-biplace\\\/\"]}]},{\"@type\":\"ImageObject\",\"inLanguage\":\"fr-FR\",\"@id\":\"https:\\\/\\\/winfield.lestaffdigital.fr\\\/fr\\\/produit\\\/bapteme-biplace\\\/#primaryimage\",\"url\":\"https:\\\/\\\/winfield.lestaffdigital.fr\\\/wp-content\\\/uploads\\\/2023\\\/04\\\/TwoSeater_HEADER-1-scaled.jpg\",\"contentUrl\":\"https:\\\/\\\/winfield.lestaffdigital.fr\\\/wp-content\\\/uploads\\\/2023\\\/04\\\/TwoSeater_HEADER-1-scaled.jpg\",\"width\":2560,\"height\":1707},{\"@type\":\"BreadcrumbList\",\"@id\":\"https:\\\/\\\/winfield.lestaffdigital.fr\\\/fr\\\/produit\\\/bapteme-biplace\\\/#breadcrumb\",\"itemListElement\":[{\"@type\":\"ListItem\",\"position\":1,\"name\":\"Home\",\"item\":\"https:\\\/\\\/winfield.lestaffdigital.fr\\\/fr\\\/\"},{\"@type\":\"ListItem\",\"position\":2,\"name\":\"Exp\u00e9riences de pilotage\",\"item\":\"\\\/category\\\/driving-experience\\\/driving-experience\"},{\"@type\":\"ListItem\",\"position\":3,\"name\":\"BAPT\u00caME BIPLACE\"}]},{\"@type\":\"WebSite\",\"@id\":\"https:\\\/\\\/winfield.lestaffdigital.fr\\\/fr\\\/#website\",\"url\":\"https:\\\/\\\/winfield.lestaffdigital.fr\\\/fr\\\/\",\"name\":\"Winfield\",\"description\":\"Circuit automobile &amp; \u00c9cole de pilotage\",\"publisher\":{\"@id\":\"https:\\\/\\\/winfield.lestaffdigital.fr\\\/fr\\\/#organization\"},\"potentialAction\":[{\"@type\":\"SearchAction\",\"target\":{\"@type\":\"EntryPoint\",\"urlTemplate\":\"https:\\\/\\\/winfield.lestaffdigital.fr\\\/fr\\\/?s={search_term_string}\"},\"query-input\":{\"@type\":\"PropertyValueSpecification\",\"valueRequired\":true,\"valueName\":\"search_term_string\"}}],\"inLanguage\":\"fr-FR\"},{\"@type\":\"Organization\",\"@id\":\"https:\\\/\\\/winfield.lestaffdigital.fr\\\/fr\\\/#organization\",\"name\":\"Winfield\",\"url\":\"https:\\\/\\\/winfield.lestaffdigital.fr\\\/fr\\\/\",\"logo\":{\"@type\":\"ImageObject\",\"inLanguage\":\"fr-FR\",\"@id\":\"https:\\\/\\\/winfield.lestaffdigital.fr\\\/fr\\\/#\\\/schema\\\/logo\\\/image\\\/\",\"url\":\"https:\\\/\\\/winfield.lestaffdigital.fr\\\/wp-content\\\/uploads\\\/2023\\\/03\\\/Groupe-452.png\",\"contentUrl\":\"https:\\\/\\\/winfield.lestaffdigital.fr\\\/wp-content\\\/uploads\\\/2023\\\/03\\\/Groupe-452.png\",\"width\":186,\"height\":72,\"caption\":\"Winfield\"},\"image\":{\"@id\":\"https:\\\/\\\/winfield.lestaffdigital.fr\\\/fr\\\/#\\\/schema\\\/logo\\\/image\\\/\"}}]}<\/script>\n<!-- \/ Yoast SEO plugin. -->","yoast_head_json":{"title":"BAPT\u00caME BIPLACE - Winfield Racing School","description":"Montez \u00e0 bord de notre fus\u00e9e \u00e0 quatre roues, conduite par un pilote professionnel sur le Circuit Paul Ricard avec l'inoubliable Bapt\u00eame biplace.","robots":{"index":"index","follow":"follow","max-snippet":"max-snippet:-1","max-image-preview":"max-image-preview:large","max-video-preview":"max-video-preview:-1"},"canonical":"https:\/\/winfield.lestaffdigital.fr\/fr\/produit\/bapteme-biplace\/","og_locale":"fr_FR","og_type":"article","og_title":"BAPT\u00caME BIPLACE - Winfield Racing School","og_description":"Montez \u00e0 bord de notre fus\u00e9e \u00e0 quatre roues, conduite par un pilote professionnel sur le Circuit Paul Ricard avec l'inoubliable Bapt\u00eame biplace.","og_url":"https:\/\/winfield.lestaffdigital.fr\/fr\/produit\/bapteme-biplace\/","og_site_name":"Winfield","article_modified_time":"2025-02-11T13:31:52+00:00","og_image":[{"width":2560,"height":1707,"url":"https:\/\/winfield.lestaffdigital.fr\/wp-content\/uploads\/2023\/04\/TwoSeater_HEADER-1-scaled.jpg","type":"image\/jpeg"}],"twitter_card":"summary_large_image","twitter_misc":{"Dur\u00e9e de lecture estim\u00e9e":"2 minutes"},"schema":{"@context":"https:\/\/schema.org","@graph":[{"@type":"WebPage","@id":"https:\/\/winfield.lestaffdigital.fr\/fr\/produit\/bapteme-biplace\/","url":"https:\/\/winfield.lestaffdigital.fr\/fr\/produit\/bapteme-biplace\/","name":"BAPT\u00caME BIPLACE - Winfield Racing School","isPartOf":{"@id":"https:\/\/winfield.lestaffdigital.fr\/fr\/#website"},"primaryImageOfPage":{"@id":"https:\/\/winfield.lestaffdigital.fr\/fr\/produit\/bapteme-biplace\/#primaryimage"},"image":{"@id":"https:\/\/winfield.lestaffdigital.fr\/fr\/produit\/bapteme-biplace\/#primaryimage"},"thumbnailUrl":"https:\/\/winfield.lestaffdigital.fr\/wp-content\/uploads\/2023\/04\/TwoSeater_HEADER-1-scaled.jpg","datePublished":"2023-04-13T21:56:01+00:00","dateModified":"2025-02-11T13:31:52+00:00","description":"Montez \u00e0 bord de notre fus\u00e9e \u00e0 quatre roues, conduite par un pilote professionnel sur le Circuit Paul Ricard avec l'inoubliable Bapt\u00eame biplace.","breadcrumb":{"@id":"https:\/\/winfield.lestaffdigital.fr\/fr\/produit\/bapteme-biplace\/#breadcrumb"},"inLanguage":"fr-FR","potentialAction":[{"@type":"ReadAction","target":["https:\/\/winfield.lestaffdigital.fr\/fr\/produit\/bapteme-biplace\/"]}]},{"@type":"ImageObject","inLanguage":"fr-FR","@id":"https:\/\/winfield.lestaffdigital.fr\/fr\/produit\/bapteme-biplace\/#primaryimage","url":"https:\/\/winfield.lestaffdigital.fr\/wp-content\/uploads\/2023\/04\/TwoSeater_HEADER-1-scaled.jpg","contentUrl":"https:\/\/winfield.lestaffdigital.fr\/wp-content\/uploads\/2023\/04\/TwoSeater_HEADER-1-scaled.jpg","width":2560,"height":1707},{"@type":"BreadcrumbList","@id":"https:\/\/winfield.lestaffdigital.fr\/fr\/produit\/bapteme-biplace\/#breadcrumb","itemListElement":[{"@type":"ListItem","position":1,"name":"Home","item":"https:\/\/winfield.lestaffdigital.fr\/fr\/"},{"@type":"ListItem","position":2,"name":"Exp\u00e9riences de pilotage","item":"\/category\/driving-experience\/driving-experience"},{"@type":"ListItem","position":3,"name":"BAPT\u00caME BIPLACE"}]},{"@type":"WebSite","@id":"https:\/\/winfield.lestaffdigital.fr\/fr\/#website","url":"https:\/\/winfield.lestaffdigital.fr\/fr\/","name":"Winfield","description":"Circuit automobile &amp; \u00c9cole de pilotage","publisher":{"@id":"https:\/\/winfield.lestaffdigital.fr\/fr\/#organization"},"potentialAction":[{"@type":"SearchAction","target":{"@type":"EntryPoint","urlTemplate":"https:\/\/winfield.lestaffdigital.fr\/fr\/?s={search_term_string}"},"query-input":{"@type":"PropertyValueSpecification","valueRequired":true,"valueName":"search_term_string"}}],"inLanguage":"fr-FR"},{"@type":"Organization","@id":"https:\/\/winfield.lestaffdigital.fr\/fr\/#organization","name":"Winfield","url":"https:\/\/winfield.lestaffdigital.fr\/fr\/","logo":{"@type":"ImageObject","inLanguage":"fr-FR","@id":"https:\/\/winfield.lestaffdigital.fr\/fr\/#\/schema\/logo\/image\/","url":"https:\/\/winfield.lestaffdigital.fr\/wp-content\/uploads\/2023\/03\/Groupe-452.png","contentUrl":"https:\/\/winfield.lestaffdigital.fr\/wp-content\/uploads\/2023\/03\/Groupe-452.png","width":186,"height":72,"caption":"Winfield"},"image":{"@id":"https:\/\/winfield.lestaffdigital.fr\/fr\/#\/schema\/logo\/image\/"}}]}},"_links":{"self":[{"href":"https:\/\/winfield.lestaffdigital.fr\/fr\/wp-json\/wp\/v2\/product\/6027","targetHints":{"allow":["GET"]}}],"collection":[{"href":"https:\/\/winfield.lestaffdigital.fr\/fr\/wp-json\/wp\/v2\/product"}],"about":[{"href":"https:\/\/winfield.lestaffdigital.fr\/fr\/wp-json\/wp\/v2\/types\/product"}],"wp:featuredmedia":[{"embeddable":true,"href":"https:\/\/winfield.lestaffdigital.fr\/fr\/wp-json\/wp\/v2\/media\/3290"}],"wp:attachment":[{"href":"https:\/\/winfield.lestaffdigital.fr\/fr\/wp-json\/wp\/v2\/media?parent=6027"}],"wp:term":[{"taxonomy":"product_brand","embeddable":true,"href":"https:\/\/winfield.lestaffdigital.fr\/fr\/wp-json\/wp\/v2\/product_brand?post=6027"},{"taxonomy":"product_cat","embeddable":true,"href":"https:\/\/winfield.lestaffdigital.fr\/fr\/wp-json\/wp\/v2\/product_cat?post=6027"},{"taxonomy":"product_tag","embeddable":true,"href":"https:\/\/winfield.lestaffdigital.fr\/fr\/wp-json\/wp\/v2\/product_tag?post=6027"}],"curies":[{"name":"wp","href":"https:\/\/api.w.org\/{rel}","templated":true}]}}