{"id":6013,"date":"2023-03-30T06:48:24","date_gmt":"2023-03-30T04:48:24","guid":{"rendered":"https:\/\/winfield.lestaffdigital.fr\/?post_type=product&#038;p=6013"},"modified":"2025-01-30T13:59:51","modified_gmt":"2025-01-30T12:59:51","slug":"f4-training-camp","status":"publish","type":"product","link":"https:\/\/winfield.lestaffdigital.fr\/fr\/produit\/f4-training-camp\/","title":{"rendered":"F4 TRAINING CAMP EUROPE"},"content":{"rendered":"<p>Vous voulez passer du karting ou du simracing \u00e0 la course automobile ? Ne cherchez pas plus loin, le WINFIELD F4 TRAINING CAMP est fait pour vous ! C\u2019est l\u2019\u00e9l\u00e9ment d\u00e9cisif ultime pour am\u00e9liorer vos comp\u00e9tences et plonger dans le monde des monoplaces.<\/p>\n<p>Cette formation intensive de 3 jours est con\u00e7u pour donner un premier aper\u00e7u de l\u2019environnement de la Formule 4. Un parcours unique, adapt\u00e9 pour pr\u00e9parer les participants aux Championnats de F4 dans le monde entier pour la saison \u00e0 venir. Quels que soient vos projets futurs, ce camp d&rsquo;entra\u00eenement couvre tous les aspects pour devenir un pilote de course.<\/p>\n<p>Ce stage offre un entra\u00eenement in\u00e9gal\u00e9e, en commen\u00e7ant par pas moins de 10 ateliers, incluant des \u00e9valuations physiques, une pr\u00e9paration mentale, des entra\u00eenements sur simulateur, et des pr\u00e9sentations sur la dynamique des v\u00e9hicules et la relation pilote-ing\u00e9nieur. Les activit\u00e9s du premier jour favorisent la maturit\u00e9, le d\u00e9veloppement personnel et le comportement hors piste, qui, en fin de compte, sont tout aussi importants que ce qui se passe sur la piste.<\/p>\n<p>Les jours suivants du F4 TRAINING CAMP sont consacr\u00e9s aux sessions sur piste en Formule 4 sur l\u2019embl\u00e9matique Circuit Paul Ricard. Gr\u00e2ce \u00e0 l\u2019acquisition de donn\u00e9es et aux vid\u00e9os embarqu\u00e9es, les instructeurs de WINFIELD fournissent des analyses datas post-session, des comparaisons tour par tour, de pression de freinage, du temps de r\u00e9acc\u00e9l\u00e9ration, etc., pour am\u00e9liorer les performances sur piste. Une supervision technique et une assistance p\u00e9dagogique sont assur\u00e9es par une \u00e9quipe de plus de 15 experts, incluant ing\u00e9nieurs, m\u00e9caniciens, instructeurs, physioth\u00e9rapeutes et coachs, tous concentr\u00e9s sur l\u2019atteinte de votre plein potentiel. Ce programme est le tournant d\u00e9cisif pour les jeunes pilotes passant du karting ou du simracing \u00e0 la course automobile, avec une \u00e9quipe professionnelle d\u00e9vou\u00e9e et \u00e0 vos c\u00f4t\u00e9s pendant votre formation.<\/p>\n<p>Pour les jeunes pilotes de 15 \u00e0 22 ans. Aucune exp\u00e9rience en monoplace requise. Assurance dommages v\u00e9hicule possible sur demande.<\/p>\n<p>&nbsp;<\/p>\n","protected":false},"excerpt":{"rendered":"<p><span style=\"font-weight: 400;\">Le tournant d\u00e9cisif pour les jeunes pilotes passant du karting ou du simracing \u00e0 la course automobile.<\/span><\/p>\n<p><strong><em>B\u00e9n\u00e9ficiez d\u2019une r\u00e9duction de 500<\/em><\/strong><em><strong>\u20ac en r\u00e9servant avant le 30 avril 2025!<\/strong><br \/>\n<\/em><\/p>\n","protected":false},"featured_media":7633,"template":"","meta":{"_acf_changed":false},"product_brand":[],"product_cat":[16,17],"product_tag":[],"class_list":{"0":"post-6013","1":"product","2":"type-product","3":"status-publish","4":"has-post-thumbnail","6":"product_cat-driving-experience","7":"product_cat-formation-jeunes-pilotes","9":"first","10":"instock","11":"taxable","12":"shipping-taxable","13":"purchasable","14":"product-type-variable","15":"has-default-attributes"},"acf":[],"yoast_head":"<!-- This site is optimized with the Yoast SEO plugin v27.4 - https:\/\/yoast.com\/product\/yoast-seo-wordpress\/ -->\n<title>F4 TRAINING CAMP EUROPE - Winfield Racing School<\/title>\n<meta name=\"description\" content=\"WINFIELD F4 TRAINING CAMP : le programme ultime pour les jeunes pilotes passant du karting ou du simracing \u00e0 la course automobile !\" \/>\n<meta name=\"robots\" content=\"index, follow, max-snippet:-1, max-image-preview:large, max-video-preview:-1\" \/>\n<link rel=\"canonical\" href=\"https:\/\/winfield.lestaffdigital.fr\/fr\/produit\/f4-training-camp\/\" \/>\n<meta property=\"og:locale\" content=\"fr_FR\" \/>\n<meta property=\"og:type\" content=\"article\" \/>\n<meta property=\"og:title\" content=\"F4 TRAINING CAMP EUROPE - Winfield Racing School\" \/>\n<meta property=\"og:description\" content=\"WINFIELD F4 TRAINING CAMP : le programme ultime pour les jeunes pilotes passant du karting ou du simracing \u00e0 la course automobile !\" \/>\n<meta property=\"og:url\" content=\"https:\/\/winfield.lestaffdigital.fr\/fr\/produit\/f4-training-camp\/\" \/>\n<meta property=\"og:site_name\" content=\"Winfield\" \/>\n<meta property=\"article:modified_time\" content=\"2025-01-30T12:59:51+00:00\" \/>\n<meta property=\"og:image\" content=\"https:\/\/winfield.lestaffdigital.fr\/wp-content\/uploads\/2023\/03\/HEADER_F4TCCPR_2025-1-scaled.jpg\" \/>\n\t<meta property=\"og:image:width\" content=\"2560\" \/>\n\t<meta property=\"og:image:height\" content=\"1708\" \/>\n\t<meta property=\"og:image:type\" content=\"image\/jpeg\" \/>\n<meta name=\"twitter:card\" content=\"summary_large_image\" \/>\n<meta name=\"twitter:label1\" content=\"Dur\u00e9e de lecture estim\u00e9e\" \/>\n\t<meta name=\"twitter:data1\" content=\"2 minutes\" \/>\n<script type=\"application\/ld+json\" class=\"yoast-schema-graph\">{\"@context\":\"https:\\\/\\\/schema.org\",\"@graph\":[{\"@type\":\"WebPage\",\"@id\":\"https:\\\/\\\/winfield.lestaffdigital.fr\\\/fr\\\/produit\\\/f4-training-camp\\\/\",\"url\":\"https:\\\/\\\/winfield.lestaffdigital.fr\\\/fr\\\/produit\\\/f4-training-camp\\\/\",\"name\":\"F4 TRAINING CAMP EUROPE - Winfield Racing School\",\"isPartOf\":{\"@id\":\"https:\\\/\\\/winfield.lestaffdigital.fr\\\/fr\\\/#website\"},\"primaryImageOfPage\":{\"@id\":\"https:\\\/\\\/winfield.lestaffdigital.fr\\\/fr\\\/produit\\\/f4-training-camp\\\/#primaryimage\"},\"image\":{\"@id\":\"https:\\\/\\\/winfield.lestaffdigital.fr\\\/fr\\\/produit\\\/f4-training-camp\\\/#primaryimage\"},\"thumbnailUrl\":\"https:\\\/\\\/winfield.lestaffdigital.fr\\\/wp-content\\\/uploads\\\/2023\\\/03\\\/HEADER_F4TCCPR_2025-1-scaled.jpg\",\"datePublished\":\"2023-03-30T04:48:24+00:00\",\"dateModified\":\"2025-01-30T12:59:51+00:00\",\"description\":\"WINFIELD F4 TRAINING CAMP : le programme ultime pour les jeunes pilotes passant du karting ou du simracing \u00e0 la course automobile !\",\"breadcrumb\":{\"@id\":\"https:\\\/\\\/winfield.lestaffdigital.fr\\\/fr\\\/produit\\\/f4-training-camp\\\/#breadcrumb\"},\"inLanguage\":\"fr-FR\",\"potentialAction\":[{\"@type\":\"ReadAction\",\"target\":[\"https:\\\/\\\/winfield.lestaffdigital.fr\\\/fr\\\/produit\\\/f4-training-camp\\\/\"]}]},{\"@type\":\"ImageObject\",\"inLanguage\":\"fr-FR\",\"@id\":\"https:\\\/\\\/winfield.lestaffdigital.fr\\\/fr\\\/produit\\\/f4-training-camp\\\/#primaryimage\",\"url\":\"https:\\\/\\\/winfield.lestaffdigital.fr\\\/wp-content\\\/uploads\\\/2023\\\/03\\\/HEADER_F4TCCPR_2025-1-scaled.jpg\",\"contentUrl\":\"https:\\\/\\\/winfield.lestaffdigital.fr\\\/wp-content\\\/uploads\\\/2023\\\/03\\\/HEADER_F4TCCPR_2025-1-scaled.jpg\",\"width\":2560,\"height\":1708},{\"@type\":\"BreadcrumbList\",\"@id\":\"https:\\\/\\\/winfield.lestaffdigital.fr\\\/fr\\\/produit\\\/f4-training-camp\\\/#breadcrumb\",\"itemListElement\":[{\"@type\":\"ListItem\",\"position\":1,\"name\":\"Home\",\"item\":\"https:\\\/\\\/winfield.lestaffdigital.fr\\\/fr\\\/\"},{\"@type\":\"ListItem\",\"position\":2,\"name\":\"FORMATION JEUNES PILOTES\",\"item\":\"\\\/category\\\/driving-experience\\\/formation-jeunes-pilotes\"},{\"@type\":\"ListItem\",\"position\":3,\"name\":\"F4 TRAINING CAMP EUROPE\"}]},{\"@type\":\"WebSite\",\"@id\":\"https:\\\/\\\/winfield.lestaffdigital.fr\\\/fr\\\/#website\",\"url\":\"https:\\\/\\\/winfield.lestaffdigital.fr\\\/fr\\\/\",\"name\":\"Winfield\",\"description\":\"Circuit automobile &amp; \u00c9cole de pilotage\",\"publisher\":{\"@id\":\"https:\\\/\\\/winfield.lestaffdigital.fr\\\/fr\\\/#organization\"},\"potentialAction\":[{\"@type\":\"SearchAction\",\"target\":{\"@type\":\"EntryPoint\",\"urlTemplate\":\"https:\\\/\\\/winfield.lestaffdigital.fr\\\/fr\\\/?s={search_term_string}\"},\"query-input\":{\"@type\":\"PropertyValueSpecification\",\"valueRequired\":true,\"valueName\":\"search_term_string\"}}],\"inLanguage\":\"fr-FR\"},{\"@type\":\"Organization\",\"@id\":\"https:\\\/\\\/winfield.lestaffdigital.fr\\\/fr\\\/#organization\",\"name\":\"Winfield\",\"url\":\"https:\\\/\\\/winfield.lestaffdigital.fr\\\/fr\\\/\",\"logo\":{\"@type\":\"ImageObject\",\"inLanguage\":\"fr-FR\",\"@id\":\"https:\\\/\\\/winfield.lestaffdigital.fr\\\/fr\\\/#\\\/schema\\\/logo\\\/image\\\/\",\"url\":\"https:\\\/\\\/winfield.lestaffdigital.fr\\\/wp-content\\\/uploads\\\/2023\\\/03\\\/Groupe-452.png\",\"contentUrl\":\"https:\\\/\\\/winfield.lestaffdigital.fr\\\/wp-content\\\/uploads\\\/2023\\\/03\\\/Groupe-452.png\",\"width\":186,\"height\":72,\"caption\":\"Winfield\"},\"image\":{\"@id\":\"https:\\\/\\\/winfield.lestaffdigital.fr\\\/fr\\\/#\\\/schema\\\/logo\\\/image\\\/\"}}]}<\/script>\n<!-- \/ Yoast SEO plugin. -->","yoast_head_json":{"title":"F4 TRAINING CAMP EUROPE - Winfield Racing School","description":"WINFIELD F4 TRAINING CAMP : le programme ultime pour les jeunes pilotes passant du karting ou du simracing \u00e0 la course automobile !","robots":{"index":"index","follow":"follow","max-snippet":"max-snippet:-1","max-image-preview":"max-image-preview:large","max-video-preview":"max-video-preview:-1"},"canonical":"https:\/\/winfield.lestaffdigital.fr\/fr\/produit\/f4-training-camp\/","og_locale":"fr_FR","og_type":"article","og_title":"F4 TRAINING CAMP EUROPE - Winfield Racing School","og_description":"WINFIELD F4 TRAINING CAMP : le programme ultime pour les jeunes pilotes passant du karting ou du simracing \u00e0 la course automobile !","og_url":"https:\/\/winfield.lestaffdigital.fr\/fr\/produit\/f4-training-camp\/","og_site_name":"Winfield","article_modified_time":"2025-01-30T12:59:51+00:00","og_image":[{"width":2560,"height":1708,"url":"https:\/\/winfield.lestaffdigital.fr\/wp-content\/uploads\/2023\/03\/HEADER_F4TCCPR_2025-1-scaled.jpg","type":"image\/jpeg"}],"twitter_card":"summary_large_image","twitter_misc":{"Dur\u00e9e de lecture estim\u00e9e":"2 minutes"},"schema":{"@context":"https:\/\/schema.org","@graph":[{"@type":"WebPage","@id":"https:\/\/winfield.lestaffdigital.fr\/fr\/produit\/f4-training-camp\/","url":"https:\/\/winfield.lestaffdigital.fr\/fr\/produit\/f4-training-camp\/","name":"F4 TRAINING CAMP EUROPE - Winfield Racing School","isPartOf":{"@id":"https:\/\/winfield.lestaffdigital.fr\/fr\/#website"},"primaryImageOfPage":{"@id":"https:\/\/winfield.lestaffdigital.fr\/fr\/produit\/f4-training-camp\/#primaryimage"},"image":{"@id":"https:\/\/winfield.lestaffdigital.fr\/fr\/produit\/f4-training-camp\/#primaryimage"},"thumbnailUrl":"https:\/\/winfield.lestaffdigital.fr\/wp-content\/uploads\/2023\/03\/HEADER_F4TCCPR_2025-1-scaled.jpg","datePublished":"2023-03-30T04:48:24+00:00","dateModified":"2025-01-30T12:59:51+00:00","description":"WINFIELD F4 TRAINING CAMP : le programme ultime pour les jeunes pilotes passant du karting ou du simracing \u00e0 la course automobile !","breadcrumb":{"@id":"https:\/\/winfield.lestaffdigital.fr\/fr\/produit\/f4-training-camp\/#breadcrumb"},"inLanguage":"fr-FR","potentialAction":[{"@type":"ReadAction","target":["https:\/\/winfield.lestaffdigital.fr\/fr\/produit\/f4-training-camp\/"]}]},{"@type":"ImageObject","inLanguage":"fr-FR","@id":"https:\/\/winfield.lestaffdigital.fr\/fr\/produit\/f4-training-camp\/#primaryimage","url":"https:\/\/winfield.lestaffdigital.fr\/wp-content\/uploads\/2023\/03\/HEADER_F4TCCPR_2025-1-scaled.jpg","contentUrl":"https:\/\/winfield.lestaffdigital.fr\/wp-content\/uploads\/2023\/03\/HEADER_F4TCCPR_2025-1-scaled.jpg","width":2560,"height":1708},{"@type":"BreadcrumbList","@id":"https:\/\/winfield.lestaffdigital.fr\/fr\/produit\/f4-training-camp\/#breadcrumb","itemListElement":[{"@type":"ListItem","position":1,"name":"Home","item":"https:\/\/winfield.lestaffdigital.fr\/fr\/"},{"@type":"ListItem","position":2,"name":"FORMATION JEUNES PILOTES","item":"\/category\/driving-experience\/formation-jeunes-pilotes"},{"@type":"ListItem","position":3,"name":"F4 TRAINING CAMP EUROPE"}]},{"@type":"WebSite","@id":"https:\/\/winfield.lestaffdigital.fr\/fr\/#website","url":"https:\/\/winfield.lestaffdigital.fr\/fr\/","name":"Winfield","description":"Circuit automobile &amp; \u00c9cole de pilotage","publisher":{"@id":"https:\/\/winfield.lestaffdigital.fr\/fr\/#organization"},"potentialAction":[{"@type":"SearchAction","target":{"@type":"EntryPoint","urlTemplate":"https:\/\/winfield.lestaffdigital.fr\/fr\/?s={search_term_string}"},"query-input":{"@type":"PropertyValueSpecification","valueRequired":true,"valueName":"search_term_string"}}],"inLanguage":"fr-FR"},{"@type":"Organization","@id":"https:\/\/winfield.lestaffdigital.fr\/fr\/#organization","name":"Winfield","url":"https:\/\/winfield.lestaffdigital.fr\/fr\/","logo":{"@type":"ImageObject","inLanguage":"fr-FR","@id":"https:\/\/winfield.lestaffdigital.fr\/fr\/#\/schema\/logo\/image\/","url":"https:\/\/winfield.lestaffdigital.fr\/wp-content\/uploads\/2023\/03\/Groupe-452.png","contentUrl":"https:\/\/winfield.lestaffdigital.fr\/wp-content\/uploads\/2023\/03\/Groupe-452.png","width":186,"height":72,"caption":"Winfield"},"image":{"@id":"https:\/\/winfield.lestaffdigital.fr\/fr\/#\/schema\/logo\/image\/"}}]}},"_links":{"self":[{"href":"https:\/\/winfield.lestaffdigital.fr\/fr\/wp-json\/wp\/v2\/product\/6013","targetHints":{"allow":["GET"]}}],"collection":[{"href":"https:\/\/winfield.lestaffdigital.fr\/fr\/wp-json\/wp\/v2\/product"}],"about":[{"href":"https:\/\/winfield.lestaffdigital.fr\/fr\/wp-json\/wp\/v2\/types\/product"}],"wp:featuredmedia":[{"embeddable":true,"href":"https:\/\/winfield.lestaffdigital.fr\/fr\/wp-json\/wp\/v2\/media\/7633"}],"wp:attachment":[{"href":"https:\/\/winfield.lestaffdigital.fr\/fr\/wp-json\/wp\/v2\/media?parent=6013"}],"wp:term":[{"taxonomy":"product_brand","embeddable":true,"href":"https:\/\/winfield.lestaffdigital.fr\/fr\/wp-json\/wp\/v2\/product_brand?post=6013"},{"taxonomy":"product_cat","embeddable":true,"href":"https:\/\/winfield.lestaffdigital.fr\/fr\/wp-json\/wp\/v2\/product_cat?post=6013"},{"taxonomy":"product_tag","embeddable":true,"href":"https:\/\/winfield.lestaffdigital.fr\/fr\/wp-json\/wp\/v2\/product_tag?post=6013"}],"curies":[{"name":"wp","href":"https:\/\/api.w.org\/{rel}","templated":true}]}}