{"id":6004,"date":"2023-03-30T06:45:48","date_gmt":"2023-03-30T04:45:48","guid":{"rendered":"https:\/\/winfield.lestaffdigital.fr\/?post_type=product&#038;p=6004"},"modified":"2025-01-30T17:02:13","modified_gmt":"2025-01-30T16:02:13","slug":"tests-f4","status":"publish","type":"product","link":"https:\/\/winfield.lestaffdigital.fr\/fr\/produit\/tests-f4\/","title":{"rendered":"TESTS F4"},"content":{"rendered":"<p>Vous cherchez une opportunit\u00e9 unique d&rsquo;acc\u00e9l\u00e9rer votre progression et d&rsquo;am\u00e9liorer vos comp\u00e9tences de conduite ? Lib\u00e9rez votre potentiel de course avec le programme de test F4 WINFIELD, un programme de formation intensif et complet \u00e0 360\u00b0 de haut niveau. Pilotez jusqu&rsquo;\u00e0 300 km par jour et repoussez vos limites au maximum. Gr\u00e2ce \u00e0 notre expertise approfondie dans le monde du sport automobile et des tests F4, nous fournissons un environnement optimal pour r\u00e9v\u00e9ler votre plein potentiel et obtenir des r\u00e9sultats de premier ordre tout au long de votre carri\u00e8re de pilote.<\/p>\n<p>Tout au long de la journ\u00e9e, vous \u00eates soutenu par une \u00e9quipe professionnelle, tous experts dans leur domaine respectif. Vous pouvez maintenant augmenter votre vitesse et vos comp\u00e9tences en toute s\u00e9curit\u00e9 sur l&rsquo;un des circuits les plus s\u00fbrs d&rsquo;Europe, l&#8217;embl\u00e9matique Circuit Paul Ricard. Avec un m\u00e9canicien d\u00e9di\u00e9, un responsable technique partag\u00e9 et un ing\u00e9nieur de donn\u00e9es partag\u00e9 \u00e0 vos c\u00f4t\u00e9s, vous pouvez d\u00e9finir de nouveaux objectifs pour chaque session et am\u00e9liorer continuellement vos performances sur la piste.<\/p>\n<p>Rejoignez le programme de tests F4 et vivez jusqu&rsquo;\u00e0 300 km de conduite par jour dans une voiture de Formule 4. Repoussez vos limites, affinez vos comp\u00e9tences et conqu\u00e9rez la piste en toute s\u00e9curit\u00e9 ! Nous mettons tout en \u0153uvre pour garantir que vous tiriez le meilleur parti de votre journ\u00e9e d&rsquo;essai, ouvrant la voie \u00e0 votre succ\u00e8s en course !<\/p>\n<p>Vous cherchez une opportunit\u00e9 unique d&rsquo;acc\u00e9l\u00e9rer votre progression et d&rsquo;am\u00e9liorer vos comp\u00e9tences de conduite ? Lib\u00e9rez votre potentiel de course avec les tests F4 by WINFIELD, le hub europ\u00e9en pour d\u00e9tecter et former les jeunes pilotes.<\/p>\n<p>Le programme de formation intensif et complet \u00e0 360\u00b0, dirig\u00e9 par des experts du sport automobile, r\u00e9v\u00e8le votre plein potentiel et \u00e9l\u00e8ve vos comp\u00e9tences \u00e0 des niveaux de premier ordre. Soutenu par un m\u00e9canicien d\u00e9di\u00e9, un responsable technique partag\u00e9 et un ing\u00e9nieur de donn\u00e9es, vous pourrez conduire jusqu&rsquo;\u00e0 300 km par jour dans une voiture de Formule 4 (Gen1 ou Gen2) sur l&rsquo;un des circuits les plus s\u00fbrs du monde : le Circuit Paul Ricard.<\/p>\n<p>Rejoignez-nous pour repousser vos limites, affiner vos comp\u00e9tences et conqu\u00e9rir le monde comp\u00e9titif de la course !<\/p>\n<p>Assurance dommages possible sur demande.<\/p>\n","protected":false},"excerpt":{"rendered":"<p><span style=\"font-weight: 400;\">D\u00e9veloppez votre potentiel gr\u00e2ce \u00e0 notre programme de pilotage complet et intensif en Formule 4 !<\/span><\/p>\n","protected":false},"featured_media":1477,"template":"","meta":{"_acf_changed":false},"product_brand":[],"product_cat":[16],"product_tag":[],"class_list":{"0":"post-6004","1":"product","2":"type-product","3":"status-publish","4":"has-post-thumbnail","6":"product_cat-driving-experience","8":"first","9":"instock","10":"taxable","11":"shipping-taxable","12":"purchasable","13":"product-type-variable","14":"has-default-attributes"},"acf":[],"yoast_head":"<!-- This site is optimized with the Yoast SEO plugin v27.6 - https:\/\/yoast.com\/product\/yoast-seo-wordpress\/ -->\n<title>TESTS F4 - Winfield Racing School<\/title>\n<meta name=\"description\" content=\"Participez \u00e0 un programme de formation intensif et complet avec jusqu&#039;\u00e0 300 km de pilotage par jour dans une Formule 4, gr\u00e2ce au programme de tests F4.\" \/>\n<meta name=\"robots\" content=\"index, follow, max-snippet:-1, max-image-preview:large, max-video-preview:-1\" \/>\n<link rel=\"canonical\" href=\"https:\/\/winfield.lestaffdigital.fr\/fr\/produit\/tests-f4\/\" \/>\n<meta property=\"og:locale\" content=\"fr_FR\" \/>\n<meta property=\"og:type\" content=\"article\" \/>\n<meta property=\"og:title\" content=\"TESTS F4 - Winfield Racing School\" \/>\n<meta property=\"og:description\" content=\"Participez \u00e0 un programme de formation intensif et complet avec jusqu&#039;\u00e0 300 km de pilotage par jour dans une Formule 4, gr\u00e2ce au programme de tests F4.\" \/>\n<meta property=\"og:url\" content=\"https:\/\/winfield.lestaffdigital.fr\/fr\/produit\/tests-f4\/\" \/>\n<meta property=\"og:site_name\" content=\"Winfield\" \/>\n<meta property=\"article:modified_time\" content=\"2025-01-30T16:02:13+00:00\" \/>\n<meta property=\"og:image\" content=\"https:\/\/winfield.lestaffdigital.fr\/wp-content\/uploads\/2023\/03\/F4-F2-TESTING-e1689259352921.jpg\" \/>\n\t<meta property=\"og:image:width\" content=\"1050\" \/>\n\t<meta property=\"og:image:height\" content=\"700\" \/>\n\t<meta property=\"og:image:type\" content=\"image\/jpeg\" \/>\n<meta name=\"twitter:card\" content=\"summary_large_image\" \/>\n<meta name=\"twitter:label1\" content=\"Dur\u00e9e de lecture estim\u00e9e\" \/>\n\t<meta name=\"twitter:data1\" content=\"2 minutes\" \/>\n<script type=\"application\/ld+json\" class=\"yoast-schema-graph\">{\"@context\":\"https:\\\/\\\/schema.org\",\"@graph\":[{\"@type\":\"WebPage\",\"@id\":\"https:\\\/\\\/winfield.lestaffdigital.fr\\\/fr\\\/produit\\\/tests-f4\\\/\",\"url\":\"https:\\\/\\\/winfield.lestaffdigital.fr\\\/fr\\\/produit\\\/tests-f4\\\/\",\"name\":\"TESTS F4 - Winfield Racing School\",\"isPartOf\":{\"@id\":\"https:\\\/\\\/winfield.lestaffdigital.fr\\\/fr\\\/#website\"},\"primaryImageOfPage\":{\"@id\":\"https:\\\/\\\/winfield.lestaffdigital.fr\\\/fr\\\/produit\\\/tests-f4\\\/#primaryimage\"},\"image\":{\"@id\":\"https:\\\/\\\/winfield.lestaffdigital.fr\\\/fr\\\/produit\\\/tests-f4\\\/#primaryimage\"},\"thumbnailUrl\":\"https:\\\/\\\/winfield.lestaffdigital.fr\\\/wp-content\\\/uploads\\\/2023\\\/03\\\/F4-F2-TESTING-e1689259352921.jpg\",\"datePublished\":\"2023-03-30T04:45:48+00:00\",\"dateModified\":\"2025-01-30T16:02:13+00:00\",\"description\":\"Participez \u00e0 un programme de formation intensif et complet avec jusqu'\u00e0 300 km de pilotage par jour dans une Formule 4, gr\u00e2ce au programme de tests F4.\",\"breadcrumb\":{\"@id\":\"https:\\\/\\\/winfield.lestaffdigital.fr\\\/fr\\\/produit\\\/tests-f4\\\/#breadcrumb\"},\"inLanguage\":\"fr-FR\",\"potentialAction\":[{\"@type\":\"ReadAction\",\"target\":[\"https:\\\/\\\/winfield.lestaffdigital.fr\\\/fr\\\/produit\\\/tests-f4\\\/\"]}]},{\"@type\":\"ImageObject\",\"inLanguage\":\"fr-FR\",\"@id\":\"https:\\\/\\\/winfield.lestaffdigital.fr\\\/fr\\\/produit\\\/tests-f4\\\/#primaryimage\",\"url\":\"https:\\\/\\\/winfield.lestaffdigital.fr\\\/wp-content\\\/uploads\\\/2023\\\/03\\\/F4-F2-TESTING-e1689259352921.jpg\",\"contentUrl\":\"https:\\\/\\\/winfield.lestaffdigital.fr\\\/wp-content\\\/uploads\\\/2023\\\/03\\\/F4-F2-TESTING-e1689259352921.jpg\",\"width\":1050,\"height\":700},{\"@type\":\"BreadcrumbList\",\"@id\":\"https:\\\/\\\/winfield.lestaffdigital.fr\\\/fr\\\/produit\\\/tests-f4\\\/#breadcrumb\",\"itemListElement\":[{\"@type\":\"ListItem\",\"position\":1,\"name\":\"Home\",\"item\":\"https:\\\/\\\/winfield.lestaffdigital.fr\\\/fr\\\/\"},{\"@type\":\"ListItem\",\"position\":2,\"name\":\"Exp\u00e9riences de pilotage\",\"item\":\"\\\/category\\\/driving-experience\\\/driving-experience\"},{\"@type\":\"ListItem\",\"position\":3,\"name\":\"TESTS F4\"}]},{\"@type\":\"WebSite\",\"@id\":\"https:\\\/\\\/winfield.lestaffdigital.fr\\\/fr\\\/#website\",\"url\":\"https:\\\/\\\/winfield.lestaffdigital.fr\\\/fr\\\/\",\"name\":\"Winfield\",\"description\":\"Circuit automobile &amp; \u00c9cole de pilotage\",\"publisher\":{\"@id\":\"https:\\\/\\\/winfield.lestaffdigital.fr\\\/fr\\\/#organization\"},\"potentialAction\":[{\"@type\":\"SearchAction\",\"target\":{\"@type\":\"EntryPoint\",\"urlTemplate\":\"https:\\\/\\\/winfield.lestaffdigital.fr\\\/fr\\\/?s={search_term_string}\"},\"query-input\":{\"@type\":\"PropertyValueSpecification\",\"valueRequired\":true,\"valueName\":\"search_term_string\"}}],\"inLanguage\":\"fr-FR\"},{\"@type\":\"Organization\",\"@id\":\"https:\\\/\\\/winfield.lestaffdigital.fr\\\/fr\\\/#organization\",\"name\":\"Winfield\",\"url\":\"https:\\\/\\\/winfield.lestaffdigital.fr\\\/fr\\\/\",\"logo\":{\"@type\":\"ImageObject\",\"inLanguage\":\"fr-FR\",\"@id\":\"https:\\\/\\\/winfield.lestaffdigital.fr\\\/fr\\\/#\\\/schema\\\/logo\\\/image\\\/\",\"url\":\"https:\\\/\\\/winfield.lestaffdigital.fr\\\/wp-content\\\/uploads\\\/2023\\\/03\\\/Groupe-452.png\",\"contentUrl\":\"https:\\\/\\\/winfield.lestaffdigital.fr\\\/wp-content\\\/uploads\\\/2023\\\/03\\\/Groupe-452.png\",\"width\":186,\"height\":72,\"caption\":\"Winfield\"},\"image\":{\"@id\":\"https:\\\/\\\/winfield.lestaffdigital.fr\\\/fr\\\/#\\\/schema\\\/logo\\\/image\\\/\"}}]}<\/script>\n<!-- \/ Yoast SEO plugin. -->","yoast_head_json":{"title":"TESTS F4 - Winfield Racing School","description":"Participez \u00e0 un programme de formation intensif et complet avec jusqu'\u00e0 300 km de pilotage par jour dans une Formule 4, gr\u00e2ce au programme de tests F4.","robots":{"index":"index","follow":"follow","max-snippet":"max-snippet:-1","max-image-preview":"max-image-preview:large","max-video-preview":"max-video-preview:-1"},"canonical":"https:\/\/winfield.lestaffdigital.fr\/fr\/produit\/tests-f4\/","og_locale":"fr_FR","og_type":"article","og_title":"TESTS F4 - Winfield Racing School","og_description":"Participez \u00e0 un programme de formation intensif et complet avec jusqu'\u00e0 300 km de pilotage par jour dans une Formule 4, gr\u00e2ce au programme de tests F4.","og_url":"https:\/\/winfield.lestaffdigital.fr\/fr\/produit\/tests-f4\/","og_site_name":"Winfield","article_modified_time":"2025-01-30T16:02:13+00:00","og_image":[{"width":1050,"height":700,"url":"https:\/\/winfield.lestaffdigital.fr\/wp-content\/uploads\/2023\/03\/F4-F2-TESTING-e1689259352921.jpg","type":"image\/jpeg"}],"twitter_card":"summary_large_image","twitter_misc":{"Dur\u00e9e de lecture estim\u00e9e":"2 minutes"},"schema":{"@context":"https:\/\/schema.org","@graph":[{"@type":"WebPage","@id":"https:\/\/winfield.lestaffdigital.fr\/fr\/produit\/tests-f4\/","url":"https:\/\/winfield.lestaffdigital.fr\/fr\/produit\/tests-f4\/","name":"TESTS F4 - Winfield Racing School","isPartOf":{"@id":"https:\/\/winfield.lestaffdigital.fr\/fr\/#website"},"primaryImageOfPage":{"@id":"https:\/\/winfield.lestaffdigital.fr\/fr\/produit\/tests-f4\/#primaryimage"},"image":{"@id":"https:\/\/winfield.lestaffdigital.fr\/fr\/produit\/tests-f4\/#primaryimage"},"thumbnailUrl":"https:\/\/winfield.lestaffdigital.fr\/wp-content\/uploads\/2023\/03\/F4-F2-TESTING-e1689259352921.jpg","datePublished":"2023-03-30T04:45:48+00:00","dateModified":"2025-01-30T16:02:13+00:00","description":"Participez \u00e0 un programme de formation intensif et complet avec jusqu'\u00e0 300 km de pilotage par jour dans une Formule 4, gr\u00e2ce au programme de tests F4.","breadcrumb":{"@id":"https:\/\/winfield.lestaffdigital.fr\/fr\/produit\/tests-f4\/#breadcrumb"},"inLanguage":"fr-FR","potentialAction":[{"@type":"ReadAction","target":["https:\/\/winfield.lestaffdigital.fr\/fr\/produit\/tests-f4\/"]}]},{"@type":"ImageObject","inLanguage":"fr-FR","@id":"https:\/\/winfield.lestaffdigital.fr\/fr\/produit\/tests-f4\/#primaryimage","url":"https:\/\/winfield.lestaffdigital.fr\/wp-content\/uploads\/2023\/03\/F4-F2-TESTING-e1689259352921.jpg","contentUrl":"https:\/\/winfield.lestaffdigital.fr\/wp-content\/uploads\/2023\/03\/F4-F2-TESTING-e1689259352921.jpg","width":1050,"height":700},{"@type":"BreadcrumbList","@id":"https:\/\/winfield.lestaffdigital.fr\/fr\/produit\/tests-f4\/#breadcrumb","itemListElement":[{"@type":"ListItem","position":1,"name":"Home","item":"https:\/\/winfield.lestaffdigital.fr\/fr\/"},{"@type":"ListItem","position":2,"name":"Exp\u00e9riences de pilotage","item":"\/category\/driving-experience\/driving-experience"},{"@type":"ListItem","position":3,"name":"TESTS F4"}]},{"@type":"WebSite","@id":"https:\/\/winfield.lestaffdigital.fr\/fr\/#website","url":"https:\/\/winfield.lestaffdigital.fr\/fr\/","name":"Winfield","description":"Circuit automobile &amp; \u00c9cole de pilotage","publisher":{"@id":"https:\/\/winfield.lestaffdigital.fr\/fr\/#organization"},"potentialAction":[{"@type":"SearchAction","target":{"@type":"EntryPoint","urlTemplate":"https:\/\/winfield.lestaffdigital.fr\/fr\/?s={search_term_string}"},"query-input":{"@type":"PropertyValueSpecification","valueRequired":true,"valueName":"search_term_string"}}],"inLanguage":"fr-FR"},{"@type":"Organization","@id":"https:\/\/winfield.lestaffdigital.fr\/fr\/#organization","name":"Winfield","url":"https:\/\/winfield.lestaffdigital.fr\/fr\/","logo":{"@type":"ImageObject","inLanguage":"fr-FR","@id":"https:\/\/winfield.lestaffdigital.fr\/fr\/#\/schema\/logo\/image\/","url":"https:\/\/winfield.lestaffdigital.fr\/wp-content\/uploads\/2023\/03\/Groupe-452.png","contentUrl":"https:\/\/winfield.lestaffdigital.fr\/wp-content\/uploads\/2023\/03\/Groupe-452.png","width":186,"height":72,"caption":"Winfield"},"image":{"@id":"https:\/\/winfield.lestaffdigital.fr\/fr\/#\/schema\/logo\/image\/"}}]}},"_links":{"self":[{"href":"https:\/\/winfield.lestaffdigital.fr\/fr\/wp-json\/wp\/v2\/product\/6004","targetHints":{"allow":["GET"]}}],"collection":[{"href":"https:\/\/winfield.lestaffdigital.fr\/fr\/wp-json\/wp\/v2\/product"}],"about":[{"href":"https:\/\/winfield.lestaffdigital.fr\/fr\/wp-json\/wp\/v2\/types\/product"}],"wp:featuredmedia":[{"embeddable":true,"href":"https:\/\/winfield.lestaffdigital.fr\/fr\/wp-json\/wp\/v2\/media\/1477"}],"wp:attachment":[{"href":"https:\/\/winfield.lestaffdigital.fr\/fr\/wp-json\/wp\/v2\/media?parent=6004"}],"wp:term":[{"taxonomy":"product_brand","embeddable":true,"href":"https:\/\/winfield.lestaffdigital.fr\/fr\/wp-json\/wp\/v2\/product_brand?post=6004"},{"taxonomy":"product_cat","embeddable":true,"href":"https:\/\/winfield.lestaffdigital.fr\/fr\/wp-json\/wp\/v2\/product_cat?post=6004"},{"taxonomy":"product_tag","embeddable":true,"href":"https:\/\/winfield.lestaffdigital.fr\/fr\/wp-json\/wp\/v2\/product_tag?post=6004"}],"curies":[{"name":"wp","href":"https:\/\/api.w.org\/{rel}","templated":true}]}}