{"id":5997,"date":"2023-03-22T18:28:11","date_gmt":"2023-03-22T17:28:11","guid":{"rendered":"https:\/\/winfield.lestaffdigital.fr\/?post_type=product&#038;p=5997"},"modified":"2025-01-21T13:52:06","modified_gmt":"2025-01-21T12:52:06","slug":"f1-driving-experience","status":"publish","type":"product","link":"https:\/\/winfield.lestaffdigital.fr\/fr\/produit\/f1-driving-experience\/","title":{"rendered":"F1 DRIVING EXPERIENCE"},"content":{"rendered":"<p>Et si VOUS pouviez conduire une voiture de Formule 1 ? Quel passionn\u00e9 de course n&rsquo;a jamais r\u00eav\u00e9, au moins une fois dans sa vie, d&rsquo;enfiler la combinaison du pilote et de s&rsquo;installer dans le cockpit d&rsquo;une voiture de Formule 1 ? Imaginez-vous ouvrir la porte du monde unique de\u00a0 Winfield Racing School, la seule \u00e9cole de pilotage qui permet aux personnes SANS EXP\u00c9RIENCE DE PISTE de conduire une vraie voiture de Formule 1. Quelque chose qui est habituellement r\u00e9serv\u00e9 aux 20 meilleurs pilotes du monde vous est exceptionnellement accessible, op\u00e9r\u00e9 par une \u00e9quipe officielle de F1.<\/p>\n<p>L&rsquo;id\u00e9e de conduire une voiture de Formule 1 vous excite mais peut aussi vous rendre un peu h\u00e9sitant ? Le voyage vers la ma\u00eetrise de la course commence par un programme soigneusement \u00e9labor\u00e9 pour vous fournir les bases essentielles et vous offrir l&rsquo;exp\u00e9rience de conduite de toute une vie. Vous \u00eates accompagn\u00e9 par des experts de l&rsquo;\u00e9quipe de Formule 1 et de WINFIELD : ing\u00e9nieurs, m\u00e9caniciens, pr\u00e9parateurs, instructeurs et coordinateurs sont l\u00e0 pour vous guider tout au long de la journ\u00e9e afin de vous faire sentir en s\u00e9curit\u00e9 et confiant. Ensemble, nous vous apporterons le soutien et la bienveillance n\u00e9cessaires pour lib\u00e9rer le pilote qui est en vous. Repoussez vos limites en toute s\u00e9curit\u00e9 et profitez pleinement de ce moment unique et m\u00e9morable de pur plaisir !<\/p>\n<p>Comment devenir un pilote de Formule 1 pour une journ\u00e9e ? Apr\u00e8s des sessions d&rsquo;information sur la s\u00e9curit\u00e9 et une pr\u00e9paration physique et mentale, imaginez-vous sangl\u00e9 dans une voiture de Formule 4 pour vous familiariser avec la piste et la conduite d&rsquo;une monoplace. Votre coach vous fait un d\u00e9briefing sur votre performance d\u00e8s votre retour aux stands et vous donne des conseils pour vous am\u00e9liorer avant de retourner sur la piste. Puis vient le moment tant attendu, confortablement install\u00e9 dans la F1 moderne. Les m\u00e9caniciens poussent la voiture sur la voie des stands, d\u00e9marrent le moteur V8 rugissant, puis vous guident par radio pour vous aider \u00e0 prendre la piste dans de bonnes conditions. Et c&rsquo;est parti, tour apr\u00e8s tour, sur l&rsquo;asphalte embl\u00e9matique du Circuit Paul Ricard. Vous \u00eates maintenant un pilote de Formule 1.<\/p>\n","protected":false},"excerpt":{"rendered":"<p>Le r\u00eave ultime pour tout fan d\u2019automobile est d\u00e9sormais \u00e0 votre port\u00e9e.<\/p>\n","protected":false},"featured_media":7526,"template":"","meta":{"_acf_changed":false},"product_brand":[],"product_cat":[16],"product_tag":[],"class_list":{"0":"post-5997","1":"product","2":"type-product","3":"status-publish","4":"has-post-thumbnail","6":"product_cat-driving-experience","8":"first","9":"outofstock","10":"taxable","11":"shipping-taxable","12":"purchasable","13":"product-type-variable","14":"has-default-attributes"},"acf":[],"yoast_head":"<!-- This site is optimized with the Yoast SEO plugin v27.6 - https:\/\/yoast.com\/product\/yoast-seo-wordpress\/ -->\n<title>F1 DRIVING EXPERIENCE - Winfield Racing School<\/title>\n<meta name=\"description\" content=\"R\u00e9alisez le r\u00eave ultime de tout passionn\u00e9 en pilotant une v\u00e9ritable F1 \u00e0 moteur V8 sur le l\u00e9gendaire Circuit Paul Ricard avec WINFIELD !\" \/>\n<meta name=\"robots\" content=\"index, follow, max-snippet:-1, max-image-preview:large, max-video-preview:-1\" \/>\n<link rel=\"canonical\" href=\"https:\/\/winfield.lestaffdigital.fr\/fr\/produit\/f1-driving-experience\/\" \/>\n<meta property=\"og:locale\" content=\"fr_FR\" \/>\n<meta property=\"og:type\" content=\"article\" \/>\n<meta property=\"og:title\" content=\"F1 DRIVING EXPERIENCE - Winfield Racing School\" \/>\n<meta property=\"og:description\" content=\"R\u00e9alisez le r\u00eave ultime de tout passionn\u00e9 en pilotant une v\u00e9ritable F1 \u00e0 moteur V8 sur le l\u00e9gendaire Circuit Paul Ricard avec WINFIELD !\" \/>\n<meta property=\"og:url\" content=\"https:\/\/winfield.lestaffdigital.fr\/fr\/produit\/f1-driving-experience\/\" \/>\n<meta property=\"og:site_name\" content=\"Winfield\" \/>\n<meta property=\"article:modified_time\" content=\"2025-01-21T12:52:06+00:00\" \/>\n<meta property=\"og:image\" content=\"https:\/\/winfield.lestaffdigital.fr\/wp-content\/uploads\/2023\/03\/22-WINFIELD-0072-2-copie-scaled.jpg\" \/>\n\t<meta property=\"og:image:width\" content=\"2560\" \/>\n\t<meta property=\"og:image:height\" content=\"1706\" \/>\n\t<meta property=\"og:image:type\" content=\"image\/jpeg\" \/>\n<meta name=\"twitter:card\" content=\"summary_large_image\" \/>\n<meta name=\"twitter:label1\" content=\"Dur\u00e9e de lecture estim\u00e9e\" \/>\n\t<meta name=\"twitter:data1\" content=\"2 minutes\" \/>\n<script type=\"application\/ld+json\" class=\"yoast-schema-graph\">{\"@context\":\"https:\\\/\\\/schema.org\",\"@graph\":[{\"@type\":\"WebPage\",\"@id\":\"https:\\\/\\\/winfield.lestaffdigital.fr\\\/fr\\\/produit\\\/f1-driving-experience\\\/\",\"url\":\"https:\\\/\\\/winfield.lestaffdigital.fr\\\/fr\\\/produit\\\/f1-driving-experience\\\/\",\"name\":\"F1 DRIVING EXPERIENCE - Winfield Racing School\",\"isPartOf\":{\"@id\":\"https:\\\/\\\/winfield.lestaffdigital.fr\\\/fr\\\/#website\"},\"primaryImageOfPage\":{\"@id\":\"https:\\\/\\\/winfield.lestaffdigital.fr\\\/fr\\\/produit\\\/f1-driving-experience\\\/#primaryimage\"},\"image\":{\"@id\":\"https:\\\/\\\/winfield.lestaffdigital.fr\\\/fr\\\/produit\\\/f1-driving-experience\\\/#primaryimage\"},\"thumbnailUrl\":\"https:\\\/\\\/winfield.lestaffdigital.fr\\\/wp-content\\\/uploads\\\/2023\\\/03\\\/22-WINFIELD-0072-2-copie-scaled.jpg\",\"datePublished\":\"2023-03-22T17:28:11+00:00\",\"dateModified\":\"2025-01-21T12:52:06+00:00\",\"description\":\"R\u00e9alisez le r\u00eave ultime de tout passionn\u00e9 en pilotant une v\u00e9ritable F1 \u00e0 moteur V8 sur le l\u00e9gendaire Circuit Paul Ricard avec WINFIELD !\",\"breadcrumb\":{\"@id\":\"https:\\\/\\\/winfield.lestaffdigital.fr\\\/fr\\\/produit\\\/f1-driving-experience\\\/#breadcrumb\"},\"inLanguage\":\"fr-FR\",\"potentialAction\":[{\"@type\":\"ReadAction\",\"target\":[\"https:\\\/\\\/winfield.lestaffdigital.fr\\\/fr\\\/produit\\\/f1-driving-experience\\\/\"]}]},{\"@type\":\"ImageObject\",\"inLanguage\":\"fr-FR\",\"@id\":\"https:\\\/\\\/winfield.lestaffdigital.fr\\\/fr\\\/produit\\\/f1-driving-experience\\\/#primaryimage\",\"url\":\"https:\\\/\\\/winfield.lestaffdigital.fr\\\/wp-content\\\/uploads\\\/2023\\\/03\\\/22-WINFIELD-0072-2-copie-scaled.jpg\",\"contentUrl\":\"https:\\\/\\\/winfield.lestaffdigital.fr\\\/wp-content\\\/uploads\\\/2023\\\/03\\\/22-WINFIELD-0072-2-copie-scaled.jpg\",\"width\":2560,\"height\":1706},{\"@type\":\"BreadcrumbList\",\"@id\":\"https:\\\/\\\/winfield.lestaffdigital.fr\\\/fr\\\/produit\\\/f1-driving-experience\\\/#breadcrumb\",\"itemListElement\":[{\"@type\":\"ListItem\",\"position\":1,\"name\":\"Home\",\"item\":\"https:\\\/\\\/winfield.lestaffdigital.fr\\\/fr\\\/\"},{\"@type\":\"ListItem\",\"position\":2,\"name\":\"Exp\u00e9riences de pilotage\",\"item\":\"\\\/category\\\/driving-experience\\\/driving-experience\"},{\"@type\":\"ListItem\",\"position\":3,\"name\":\"F1 DRIVING EXPERIENCE\"}]},{\"@type\":\"WebSite\",\"@id\":\"https:\\\/\\\/winfield.lestaffdigital.fr\\\/fr\\\/#website\",\"url\":\"https:\\\/\\\/winfield.lestaffdigital.fr\\\/fr\\\/\",\"name\":\"Winfield\",\"description\":\"Circuit automobile &amp; \u00c9cole de pilotage\",\"publisher\":{\"@id\":\"https:\\\/\\\/winfield.lestaffdigital.fr\\\/fr\\\/#organization\"},\"potentialAction\":[{\"@type\":\"SearchAction\",\"target\":{\"@type\":\"EntryPoint\",\"urlTemplate\":\"https:\\\/\\\/winfield.lestaffdigital.fr\\\/fr\\\/?s={search_term_string}\"},\"query-input\":{\"@type\":\"PropertyValueSpecification\",\"valueRequired\":true,\"valueName\":\"search_term_string\"}}],\"inLanguage\":\"fr-FR\"},{\"@type\":\"Organization\",\"@id\":\"https:\\\/\\\/winfield.lestaffdigital.fr\\\/fr\\\/#organization\",\"name\":\"Winfield\",\"url\":\"https:\\\/\\\/winfield.lestaffdigital.fr\\\/fr\\\/\",\"logo\":{\"@type\":\"ImageObject\",\"inLanguage\":\"fr-FR\",\"@id\":\"https:\\\/\\\/winfield.lestaffdigital.fr\\\/fr\\\/#\\\/schema\\\/logo\\\/image\\\/\",\"url\":\"https:\\\/\\\/winfield.lestaffdigital.fr\\\/wp-content\\\/uploads\\\/2023\\\/03\\\/Groupe-452.png\",\"contentUrl\":\"https:\\\/\\\/winfield.lestaffdigital.fr\\\/wp-content\\\/uploads\\\/2023\\\/03\\\/Groupe-452.png\",\"width\":186,\"height\":72,\"caption\":\"Winfield\"},\"image\":{\"@id\":\"https:\\\/\\\/winfield.lestaffdigital.fr\\\/fr\\\/#\\\/schema\\\/logo\\\/image\\\/\"}}]}<\/script>\n<!-- \/ Yoast SEO plugin. -->","yoast_head_json":{"title":"F1 DRIVING EXPERIENCE - Winfield Racing School","description":"R\u00e9alisez le r\u00eave ultime de tout passionn\u00e9 en pilotant une v\u00e9ritable F1 \u00e0 moteur V8 sur le l\u00e9gendaire Circuit Paul Ricard avec WINFIELD !","robots":{"index":"index","follow":"follow","max-snippet":"max-snippet:-1","max-image-preview":"max-image-preview:large","max-video-preview":"max-video-preview:-1"},"canonical":"https:\/\/winfield.lestaffdigital.fr\/fr\/produit\/f1-driving-experience\/","og_locale":"fr_FR","og_type":"article","og_title":"F1 DRIVING EXPERIENCE - Winfield Racing School","og_description":"R\u00e9alisez le r\u00eave ultime de tout passionn\u00e9 en pilotant une v\u00e9ritable F1 \u00e0 moteur V8 sur le l\u00e9gendaire Circuit Paul Ricard avec WINFIELD !","og_url":"https:\/\/winfield.lestaffdigital.fr\/fr\/produit\/f1-driving-experience\/","og_site_name":"Winfield","article_modified_time":"2025-01-21T12:52:06+00:00","og_image":[{"width":2560,"height":1706,"url":"https:\/\/winfield.lestaffdigital.fr\/wp-content\/uploads\/2023\/03\/22-WINFIELD-0072-2-copie-scaled.jpg","type":"image\/jpeg"}],"twitter_card":"summary_large_image","twitter_misc":{"Dur\u00e9e de lecture estim\u00e9e":"2 minutes"},"schema":{"@context":"https:\/\/schema.org","@graph":[{"@type":"WebPage","@id":"https:\/\/winfield.lestaffdigital.fr\/fr\/produit\/f1-driving-experience\/","url":"https:\/\/winfield.lestaffdigital.fr\/fr\/produit\/f1-driving-experience\/","name":"F1 DRIVING EXPERIENCE - Winfield Racing School","isPartOf":{"@id":"https:\/\/winfield.lestaffdigital.fr\/fr\/#website"},"primaryImageOfPage":{"@id":"https:\/\/winfield.lestaffdigital.fr\/fr\/produit\/f1-driving-experience\/#primaryimage"},"image":{"@id":"https:\/\/winfield.lestaffdigital.fr\/fr\/produit\/f1-driving-experience\/#primaryimage"},"thumbnailUrl":"https:\/\/winfield.lestaffdigital.fr\/wp-content\/uploads\/2023\/03\/22-WINFIELD-0072-2-copie-scaled.jpg","datePublished":"2023-03-22T17:28:11+00:00","dateModified":"2025-01-21T12:52:06+00:00","description":"R\u00e9alisez le r\u00eave ultime de tout passionn\u00e9 en pilotant une v\u00e9ritable F1 \u00e0 moteur V8 sur le l\u00e9gendaire Circuit Paul Ricard avec WINFIELD !","breadcrumb":{"@id":"https:\/\/winfield.lestaffdigital.fr\/fr\/produit\/f1-driving-experience\/#breadcrumb"},"inLanguage":"fr-FR","potentialAction":[{"@type":"ReadAction","target":["https:\/\/winfield.lestaffdigital.fr\/fr\/produit\/f1-driving-experience\/"]}]},{"@type":"ImageObject","inLanguage":"fr-FR","@id":"https:\/\/winfield.lestaffdigital.fr\/fr\/produit\/f1-driving-experience\/#primaryimage","url":"https:\/\/winfield.lestaffdigital.fr\/wp-content\/uploads\/2023\/03\/22-WINFIELD-0072-2-copie-scaled.jpg","contentUrl":"https:\/\/winfield.lestaffdigital.fr\/wp-content\/uploads\/2023\/03\/22-WINFIELD-0072-2-copie-scaled.jpg","width":2560,"height":1706},{"@type":"BreadcrumbList","@id":"https:\/\/winfield.lestaffdigital.fr\/fr\/produit\/f1-driving-experience\/#breadcrumb","itemListElement":[{"@type":"ListItem","position":1,"name":"Home","item":"https:\/\/winfield.lestaffdigital.fr\/fr\/"},{"@type":"ListItem","position":2,"name":"Exp\u00e9riences de pilotage","item":"\/category\/driving-experience\/driving-experience"},{"@type":"ListItem","position":3,"name":"F1 DRIVING EXPERIENCE"}]},{"@type":"WebSite","@id":"https:\/\/winfield.lestaffdigital.fr\/fr\/#website","url":"https:\/\/winfield.lestaffdigital.fr\/fr\/","name":"Winfield","description":"Circuit automobile &amp; \u00c9cole de pilotage","publisher":{"@id":"https:\/\/winfield.lestaffdigital.fr\/fr\/#organization"},"potentialAction":[{"@type":"SearchAction","target":{"@type":"EntryPoint","urlTemplate":"https:\/\/winfield.lestaffdigital.fr\/fr\/?s={search_term_string}"},"query-input":{"@type":"PropertyValueSpecification","valueRequired":true,"valueName":"search_term_string"}}],"inLanguage":"fr-FR"},{"@type":"Organization","@id":"https:\/\/winfield.lestaffdigital.fr\/fr\/#organization","name":"Winfield","url":"https:\/\/winfield.lestaffdigital.fr\/fr\/","logo":{"@type":"ImageObject","inLanguage":"fr-FR","@id":"https:\/\/winfield.lestaffdigital.fr\/fr\/#\/schema\/logo\/image\/","url":"https:\/\/winfield.lestaffdigital.fr\/wp-content\/uploads\/2023\/03\/Groupe-452.png","contentUrl":"https:\/\/winfield.lestaffdigital.fr\/wp-content\/uploads\/2023\/03\/Groupe-452.png","width":186,"height":72,"caption":"Winfield"},"image":{"@id":"https:\/\/winfield.lestaffdigital.fr\/fr\/#\/schema\/logo\/image\/"}}]}},"_links":{"self":[{"href":"https:\/\/winfield.lestaffdigital.fr\/fr\/wp-json\/wp\/v2\/product\/5997","targetHints":{"allow":["GET"]}}],"collection":[{"href":"https:\/\/winfield.lestaffdigital.fr\/fr\/wp-json\/wp\/v2\/product"}],"about":[{"href":"https:\/\/winfield.lestaffdigital.fr\/fr\/wp-json\/wp\/v2\/types\/product"}],"wp:featuredmedia":[{"embeddable":true,"href":"https:\/\/winfield.lestaffdigital.fr\/fr\/wp-json\/wp\/v2\/media\/7526"}],"wp:attachment":[{"href":"https:\/\/winfield.lestaffdigital.fr\/fr\/wp-json\/wp\/v2\/media?parent=5997"}],"wp:term":[{"taxonomy":"product_brand","embeddable":true,"href":"https:\/\/winfield.lestaffdigital.fr\/fr\/wp-json\/wp\/v2\/product_brand?post=5997"},{"taxonomy":"product_cat","embeddable":true,"href":"https:\/\/winfield.lestaffdigital.fr\/fr\/wp-json\/wp\/v2\/product_cat?post=5997"},{"taxonomy":"product_tag","embeddable":true,"href":"https:\/\/winfield.lestaffdigital.fr\/fr\/wp-json\/wp\/v2\/product_tag?post=5997"}],"curies":[{"name":"wp","href":"https:\/\/api.w.org\/{rel}","templated":true}]}}