{"id":6056,"date":"2023-03-22T07:48:41","date_gmt":"2023-03-22T06:48:41","guid":{"rendered":"https:\/\/winfield.lestaffdigital.fr\/?page_id=6056"},"modified":"2025-01-21T16:23:27","modified_gmt":"2025-01-21T15:23:27","slug":"accueil","status":"publish","type":"page","link":"https:\/\/winfield.lestaffdigital.fr\/fr\/","title":{"rendered":"Accueil"},"content":{"rendered":"<p><span style=\"font-weight: 400;\">\u00c9tablie en 1964 \u00e0 Magny-Cours, puis plus tard au Circuit Paul Ricard, WINFIELD RACING SCHOOL a r\u00e9v\u00e9l\u00e9 les plus grands pilotes, y compris des l\u00e9gendes comme Alain Prost et Damon Hill ainsi que plus de 30 pilotes de F1. Avec son histoire riche et son h\u00e9ritage, WINFIELD est la destination ultime pour les futurs pilotes et les passionn\u00e9s.<\/span><\/p>\n<p><span style=\"font-weight: 400;\">Reconnu comme le Premier Centre d&rsquo;Excellence par la FIA, le Circuit Paul Ricard se distingue comme une installation sportive \u00e0 la pointe de la technologie en Europe. R\u00e9put\u00e9 pour son concept r\u00e9volutionnaire de \u201crun-off\u201d et ses 167 configurations de piste s&rsquo;\u00e9tendant jusqu&rsquo;\u00e0 5,8 km, il s\u2019agit d\u2019un lieu de premier choix pour les comp\u00e9titions et les essais haute performance. Situ\u00e9e au c\u0153ur de ce monument du sport automobile, WINFIELD est fi\u00e8re de faire partie de ce circuit de course embl\u00e9matique.<\/span><\/p>\n","protected":false},"excerpt":{"rendered":"<p>\u00c9tablie en 1964 \u00e0 Magny-Cours, puis plus tard au Circuit Paul Ricard, WINFIELD RACING SCHOOL a r\u00e9v\u00e9l\u00e9 les plus grands pilotes, y compris des l\u00e9gendes comme Alain Prost et Damon Hill ainsi que plus de 30 pilotes de F1. Avec son histoire riche et son h\u00e9ritage, WINFIELD est la destination ultime pour les futurs pilotes [&hellip;]<\/p>\n","protected":false},"author":7,"featured_media":0,"parent":0,"menu_order":0,"comment_status":"closed","ping_status":"closed","template":"template-home.php","meta":{"_acf_changed":false,"footnotes":""},"class_list":["post-6056","page","type-page","status-publish","hentry"],"acf":[],"yoast_head":"<!-- This site is optimized with the Yoast SEO plugin v27.6 - https:\/\/yoast.com\/product\/yoast-seo-wordpress\/ -->\n<title>Accueil - Winfield Racing School<\/title>\n<meta name=\"description\" content=\"Faites partie de la l\u00e9gende avec WINFIELD : Exp\u00e9riences de pilotage \u2022 D\u00e9tection et coaching jeunes pilotes \u2022 \u00c9v\u00e9nements haut de gamme.\" \/>\n<meta name=\"robots\" content=\"index, follow, max-snippet:-1, max-image-preview:large, max-video-preview:-1\" \/>\n<link rel=\"canonical\" href=\"https:\/\/winfield.lestaffdigital.fr\/fr\/\" \/>\n<meta property=\"og:locale\" content=\"fr_FR\" \/>\n<meta property=\"og:type\" content=\"article\" \/>\n<meta property=\"og:title\" content=\"Accueil - Winfield Racing School\" \/>\n<meta property=\"og:description\" content=\"Faites partie de la l\u00e9gende avec WINFIELD : Exp\u00e9riences de pilotage \u2022 D\u00e9tection et coaching jeunes pilotes \u2022 \u00c9v\u00e9nements haut de gamme.\" \/>\n<meta property=\"og:url\" content=\"https:\/\/winfield.lestaffdigital.fr\/fr\/\" \/>\n<meta property=\"og:site_name\" content=\"Winfield\" \/>\n<meta property=\"article:modified_time\" content=\"2025-01-21T15:23:27+00:00\" \/>\n<meta name=\"twitter:card\" content=\"summary_large_image\" \/>\n<meta name=\"twitter:label1\" content=\"Dur\u00e9e de lecture estim\u00e9e\" \/>\n\t<meta name=\"twitter:data1\" content=\"1 minute\" \/>\n<script type=\"application\/ld+json\" class=\"yoast-schema-graph\">{\"@context\":\"https:\\\/\\\/schema.org\",\"@graph\":[{\"@type\":\"WebPage\",\"@id\":\"https:\\\/\\\/winfield.lestaffdigital.fr\\\/fr\\\/\",\"url\":\"https:\\\/\\\/winfield.lestaffdigital.fr\\\/fr\\\/\",\"name\":\"Accueil - Winfield Racing School\",\"isPartOf\":{\"@id\":\"https:\\\/\\\/winfield.lestaffdigital.fr\\\/fr\\\/#website\"},\"datePublished\":\"2023-03-22T06:48:41+00:00\",\"dateModified\":\"2025-01-21T15:23:27+00:00\",\"description\":\"Faites partie de la l\u00e9gende avec WINFIELD : Exp\u00e9riences de pilotage \u2022 D\u00e9tection et coaching jeunes pilotes \u2022 \u00c9v\u00e9nements haut de gamme.\",\"breadcrumb\":{\"@id\":\"https:\\\/\\\/winfield.lestaffdigital.fr\\\/fr\\\/#breadcrumb\"},\"inLanguage\":\"fr-FR\",\"potentialAction\":[{\"@type\":\"ReadAction\",\"target\":[\"https:\\\/\\\/winfield.lestaffdigital.fr\\\/fr\\\/\"]}]},{\"@type\":\"BreadcrumbList\",\"@id\":\"https:\\\/\\\/winfield.lestaffdigital.fr\\\/fr\\\/#breadcrumb\",\"itemListElement\":[{\"@type\":\"ListItem\",\"position\":1,\"name\":\"Home\",\"item\":\"https:\\\/\\\/winfield.lestaffdigital.fr\\\/fr\\\/\"},{\"@type\":\"ListItem\",\"position\":2,\"name\":\"Accueil\"}]},{\"@type\":\"WebSite\",\"@id\":\"https:\\\/\\\/winfield.lestaffdigital.fr\\\/fr\\\/#website\",\"url\":\"https:\\\/\\\/winfield.lestaffdigital.fr\\\/fr\\\/\",\"name\":\"Winfield\",\"description\":\"Circuit automobile &amp; \u00c9cole de pilotage\",\"publisher\":{\"@id\":\"https:\\\/\\\/winfield.lestaffdigital.fr\\\/fr\\\/#organization\"},\"potentialAction\":[{\"@type\":\"SearchAction\",\"target\":{\"@type\":\"EntryPoint\",\"urlTemplate\":\"https:\\\/\\\/winfield.lestaffdigital.fr\\\/fr\\\/?s={search_term_string}\"},\"query-input\":{\"@type\":\"PropertyValueSpecification\",\"valueRequired\":true,\"valueName\":\"search_term_string\"}}],\"inLanguage\":\"fr-FR\"},{\"@type\":\"Organization\",\"@id\":\"https:\\\/\\\/winfield.lestaffdigital.fr\\\/fr\\\/#organization\",\"name\":\"Winfield\",\"url\":\"https:\\\/\\\/winfield.lestaffdigital.fr\\\/fr\\\/\",\"logo\":{\"@type\":\"ImageObject\",\"inLanguage\":\"fr-FR\",\"@id\":\"https:\\\/\\\/winfield.lestaffdigital.fr\\\/fr\\\/#\\\/schema\\\/logo\\\/image\\\/\",\"url\":\"https:\\\/\\\/winfield.lestaffdigital.fr\\\/wp-content\\\/uploads\\\/2023\\\/03\\\/Groupe-452.png\",\"contentUrl\":\"https:\\\/\\\/winfield.lestaffdigital.fr\\\/wp-content\\\/uploads\\\/2023\\\/03\\\/Groupe-452.png\",\"width\":186,\"height\":72,\"caption\":\"Winfield\"},\"image\":{\"@id\":\"https:\\\/\\\/winfield.lestaffdigital.fr\\\/fr\\\/#\\\/schema\\\/logo\\\/image\\\/\"}}]}<\/script>\n<!-- \/ Yoast SEO plugin. -->","yoast_head_json":{"title":"Accueil - Winfield Racing School","description":"Faites partie de la l\u00e9gende avec WINFIELD : Exp\u00e9riences de pilotage \u2022 D\u00e9tection et coaching jeunes pilotes \u2022 \u00c9v\u00e9nements haut de gamme.","robots":{"index":"index","follow":"follow","max-snippet":"max-snippet:-1","max-image-preview":"max-image-preview:large","max-video-preview":"max-video-preview:-1"},"canonical":"https:\/\/winfield.lestaffdigital.fr\/fr\/","og_locale":"fr_FR","og_type":"article","og_title":"Accueil - Winfield Racing School","og_description":"Faites partie de la l\u00e9gende avec WINFIELD : Exp\u00e9riences de pilotage \u2022 D\u00e9tection et coaching jeunes pilotes \u2022 \u00c9v\u00e9nements haut de gamme.","og_url":"https:\/\/winfield.lestaffdigital.fr\/fr\/","og_site_name":"Winfield","article_modified_time":"2025-01-21T15:23:27+00:00","twitter_card":"summary_large_image","twitter_misc":{"Dur\u00e9e de lecture estim\u00e9e":"1 minute"},"schema":{"@context":"https:\/\/schema.org","@graph":[{"@type":"WebPage","@id":"https:\/\/winfield.lestaffdigital.fr\/fr\/","url":"https:\/\/winfield.lestaffdigital.fr\/fr\/","name":"Accueil - Winfield Racing School","isPartOf":{"@id":"https:\/\/winfield.lestaffdigital.fr\/fr\/#website"},"datePublished":"2023-03-22T06:48:41+00:00","dateModified":"2025-01-21T15:23:27+00:00","description":"Faites partie de la l\u00e9gende avec WINFIELD : Exp\u00e9riences de pilotage \u2022 D\u00e9tection et coaching jeunes pilotes \u2022 \u00c9v\u00e9nements haut de gamme.","breadcrumb":{"@id":"https:\/\/winfield.lestaffdigital.fr\/fr\/#breadcrumb"},"inLanguage":"fr-FR","potentialAction":[{"@type":"ReadAction","target":["https:\/\/winfield.lestaffdigital.fr\/fr\/"]}]},{"@type":"BreadcrumbList","@id":"https:\/\/winfield.lestaffdigital.fr\/fr\/#breadcrumb","itemListElement":[{"@type":"ListItem","position":1,"name":"Home","item":"https:\/\/winfield.lestaffdigital.fr\/fr\/"},{"@type":"ListItem","position":2,"name":"Accueil"}]},{"@type":"WebSite","@id":"https:\/\/winfield.lestaffdigital.fr\/fr\/#website","url":"https:\/\/winfield.lestaffdigital.fr\/fr\/","name":"Winfield","description":"Circuit automobile &amp; \u00c9cole de pilotage","publisher":{"@id":"https:\/\/winfield.lestaffdigital.fr\/fr\/#organization"},"potentialAction":[{"@type":"SearchAction","target":{"@type":"EntryPoint","urlTemplate":"https:\/\/winfield.lestaffdigital.fr\/fr\/?s={search_term_string}"},"query-input":{"@type":"PropertyValueSpecification","valueRequired":true,"valueName":"search_term_string"}}],"inLanguage":"fr-FR"},{"@type":"Organization","@id":"https:\/\/winfield.lestaffdigital.fr\/fr\/#organization","name":"Winfield","url":"https:\/\/winfield.lestaffdigital.fr\/fr\/","logo":{"@type":"ImageObject","inLanguage":"fr-FR","@id":"https:\/\/winfield.lestaffdigital.fr\/fr\/#\/schema\/logo\/image\/","url":"https:\/\/winfield.lestaffdigital.fr\/wp-content\/uploads\/2023\/03\/Groupe-452.png","contentUrl":"https:\/\/winfield.lestaffdigital.fr\/wp-content\/uploads\/2023\/03\/Groupe-452.png","width":186,"height":72,"caption":"Winfield"},"image":{"@id":"https:\/\/winfield.lestaffdigital.fr\/fr\/#\/schema\/logo\/image\/"}}]}},"_links":{"self":[{"href":"https:\/\/winfield.lestaffdigital.fr\/fr\/wp-json\/wp\/v2\/pages\/6056","targetHints":{"allow":["GET"]}}],"collection":[{"href":"https:\/\/winfield.lestaffdigital.fr\/fr\/wp-json\/wp\/v2\/pages"}],"about":[{"href":"https:\/\/winfield.lestaffdigital.fr\/fr\/wp-json\/wp\/v2\/types\/page"}],"author":[{"embeddable":true,"href":"https:\/\/winfield.lestaffdigital.fr\/fr\/wp-json\/wp\/v2\/users\/7"}],"replies":[{"embeddable":true,"href":"https:\/\/winfield.lestaffdigital.fr\/fr\/wp-json\/wp\/v2\/comments?post=6056"}],"version-history":[{"count":17,"href":"https:\/\/winfield.lestaffdigital.fr\/fr\/wp-json\/wp\/v2\/pages\/6056\/revisions"}],"predecessor-version":[{"id":7567,"href":"https:\/\/winfield.lestaffdigital.fr\/fr\/wp-json\/wp\/v2\/pages\/6056\/revisions\/7567"}],"wp:attachment":[{"href":"https:\/\/winfield.lestaffdigital.fr\/fr\/wp-json\/wp\/v2\/media?parent=6056"}],"curies":[{"name":"wp","href":"https:\/\/api.w.org\/{rel}","templated":true}]}}