{"id":461,"date":"2023-04-14T07:22:25","date_gmt":"2023-04-14T05:22:25","guid":{"rendered":"https:\/\/winfield.lestaffdigital.fr\/?page_id=461"},"modified":"2025-01-21T16:05:39","modified_gmt":"2025-01-21T15:05:39","slug":"notre-histoire","status":"publish","type":"page","link":"https:\/\/winfield.lestaffdigital.fr\/fr\/discover\/notre-histoire\/","title":{"rendered":"NOTRE HISTOIRE"},"content":{"rendered":"<p><span style=\"font-weight: 400;\">Fond\u00e9e en 1964 \u00e0 Magny-Cours, puis au Circuit Paul Ricard, WINFIELD RACING SCHOOL a r\u00e9v\u00e9l\u00e9 les plus grands pilotes, y compris des l\u00e9gendes comme Alain Prost, Jacques Laffite, Didier Pironi, Damon Hill, et plus de 30 pilotes de F1. Du milieu des ann\u00e9es 60 aux ann\u00e9es 90, plus de 30 000 aspirants pilotes du monde entier sont venus dans notre \u00e9cole pour tenter de remporter le convoit\u00e9 \u00ab\u00a0Volant WINFIELD\u00a0\u00bb.<\/span><\/p>\n<p><span style=\"font-weight: 400;\">Aujourd&rsquo;hui, situ\u00e9e au Circuit Paul Ricard, WINFIELD combine son expertise pour d\u00e9tecter, former et accompagner les jeunes pilotes. Cette culture de l\u2019excellence nourrit les ambitions d\u2019\u00e9toiles montantes comme Th\u00e9o Pourchaire, Isack Hadjar, Doriane Pin ou Arthur Leclerc. Issus de nos programmes, ils se distinguent d\u00e9sormais sur la sc\u00e8ne mondiale et europ\u00e9enne.<\/span><\/p>\n","protected":false},"excerpt":{"rendered":"<p>Fond\u00e9e en 1964 \u00e0 Magny-Cours, puis au Circuit Paul Ricard, WINFIELD RACING SCHOOL a r\u00e9v\u00e9l\u00e9 les plus grands pilotes, y compris des l\u00e9gendes comme Alain Prost, Jacques Laffite, Didier Pironi, Damon Hill, et plus de 30 pilotes de F1. Du milieu des ann\u00e9es 60 aux ann\u00e9es 90, plus de 30 000 aspirants pilotes du monde [&hellip;]<\/p>\n","protected":false},"author":1,"featured_media":3928,"parent":197,"menu_order":0,"comment_status":"closed","ping_status":"closed","template":"template-decouvrir.php","meta":{"_acf_changed":false,"footnotes":""},"class_list":["post-461","page","type-page","status-publish","has-post-thumbnail","hentry"],"acf":[],"yoast_head":"<!-- This site is optimized with the Yoast SEO plugin v27.6 - https:\/\/yoast.com\/product\/yoast-seo-wordpress\/ -->\n<title>NOTRE HISTOIRE - Winfield Racing School<\/title>\n<meta name=\"description\" content=\"D\u00e9couvrez tout de notre histoire, de notre cr\u00e9ation, notre emplacement au Circuit Paul Ricard jusqu&#039;aux l\u00e9gendes WINFIELD comme Alain Prost.\" \/>\n<meta name=\"robots\" content=\"index, follow, max-snippet:-1, max-image-preview:large, max-video-preview:-1\" \/>\n<link rel=\"canonical\" href=\"https:\/\/winfield.lestaffdigital.fr\/fr\/discover\/notre-histoire\/\" \/>\n<meta property=\"og:locale\" content=\"fr_FR\" \/>\n<meta property=\"og:type\" content=\"article\" \/>\n<meta property=\"og:title\" content=\"NOTRE HISTOIRE - Winfield Racing School\" \/>\n<meta property=\"og:description\" content=\"D\u00e9couvrez tout de notre histoire, de notre cr\u00e9ation, notre emplacement au Circuit Paul Ricard jusqu&#039;aux l\u00e9gendes WINFIELD comme Alain Prost.\" \/>\n<meta property=\"og:url\" content=\"https:\/\/winfield.lestaffdigital.fr\/fr\/discover\/notre-histoire\/\" \/>\n<meta property=\"og:site_name\" content=\"Winfield\" \/>\n<meta property=\"article:modified_time\" content=\"2025-01-21T15:05:39+00:00\" \/>\n<meta property=\"og:image\" content=\"https:\/\/winfield.lestaffdigital.fr\/wp-content\/uploads\/2023\/09\/OUR-STORY_Header-scaled.jpg\" \/>\n\t<meta property=\"og:image:width\" content=\"2560\" \/>\n\t<meta property=\"og:image:height\" content=\"1701\" \/>\n\t<meta property=\"og:image:type\" content=\"image\/jpeg\" \/>\n<meta name=\"twitter:card\" content=\"summary_large_image\" \/>\n<meta name=\"twitter:label1\" content=\"Dur\u00e9e de lecture estim\u00e9e\" \/>\n\t<meta name=\"twitter:data1\" content=\"1 minute\" \/>\n<script type=\"application\/ld+json\" class=\"yoast-schema-graph\">{\"@context\":\"https:\\\/\\\/schema.org\",\"@graph\":[{\"@type\":\"WebPage\",\"@id\":\"https:\\\/\\\/winfield.lestaffdigital.fr\\\/fr\\\/discover\\\/notre-histoire\\\/\",\"url\":\"https:\\\/\\\/winfield.lestaffdigital.fr\\\/fr\\\/discover\\\/notre-histoire\\\/\",\"name\":\"NOTRE HISTOIRE - Winfield Racing School\",\"isPartOf\":{\"@id\":\"https:\\\/\\\/winfield.lestaffdigital.fr\\\/fr\\\/#website\"},\"primaryImageOfPage\":{\"@id\":\"https:\\\/\\\/winfield.lestaffdigital.fr\\\/fr\\\/discover\\\/notre-histoire\\\/#primaryimage\"},\"image\":{\"@id\":\"https:\\\/\\\/winfield.lestaffdigital.fr\\\/fr\\\/discover\\\/notre-histoire\\\/#primaryimage\"},\"thumbnailUrl\":\"https:\\\/\\\/winfield.lestaffdigital.fr\\\/wp-content\\\/uploads\\\/2023\\\/09\\\/OUR-STORY_Header-scaled.jpg\",\"datePublished\":\"2023-04-14T05:22:25+00:00\",\"dateModified\":\"2025-01-21T15:05:39+00:00\",\"description\":\"D\u00e9couvrez tout de notre histoire, de notre cr\u00e9ation, notre emplacement au Circuit Paul Ricard jusqu'aux l\u00e9gendes WINFIELD comme Alain Prost.\",\"breadcrumb\":{\"@id\":\"https:\\\/\\\/winfield.lestaffdigital.fr\\\/fr\\\/discover\\\/notre-histoire\\\/#breadcrumb\"},\"inLanguage\":\"fr-FR\",\"potentialAction\":[{\"@type\":\"ReadAction\",\"target\":[\"https:\\\/\\\/winfield.lestaffdigital.fr\\\/fr\\\/discover\\\/notre-histoire\\\/\"]}]},{\"@type\":\"ImageObject\",\"inLanguage\":\"fr-FR\",\"@id\":\"https:\\\/\\\/winfield.lestaffdigital.fr\\\/fr\\\/discover\\\/notre-histoire\\\/#primaryimage\",\"url\":\"https:\\\/\\\/winfield.lestaffdigital.fr\\\/wp-content\\\/uploads\\\/2023\\\/09\\\/OUR-STORY_Header-scaled.jpg\",\"contentUrl\":\"https:\\\/\\\/winfield.lestaffdigital.fr\\\/wp-content\\\/uploads\\\/2023\\\/09\\\/OUR-STORY_Header-scaled.jpg\",\"width\":2560,\"height\":1701},{\"@type\":\"BreadcrumbList\",\"@id\":\"https:\\\/\\\/winfield.lestaffdigital.fr\\\/fr\\\/discover\\\/notre-histoire\\\/#breadcrumb\",\"itemListElement\":[{\"@type\":\"ListItem\",\"position\":1,\"name\":\"Home\",\"item\":\"https:\\\/\\\/winfield.lestaffdigital.fr\\\/fr\\\/\"},{\"@type\":\"ListItem\",\"position\":2,\"name\":\"D\u00e9couvrir Winfield\",\"item\":\"https:\\\/\\\/winfield.lestaffdigital.fr\\\/fr\\\/discover\\\/\"},{\"@type\":\"ListItem\",\"position\":3,\"name\":\"NOTRE HISTOIRE\"}]},{\"@type\":\"WebSite\",\"@id\":\"https:\\\/\\\/winfield.lestaffdigital.fr\\\/fr\\\/#website\",\"url\":\"https:\\\/\\\/winfield.lestaffdigital.fr\\\/fr\\\/\",\"name\":\"Winfield\",\"description\":\"Circuit automobile &amp; \u00c9cole de pilotage\",\"publisher\":{\"@id\":\"https:\\\/\\\/winfield.lestaffdigital.fr\\\/fr\\\/#organization\"},\"potentialAction\":[{\"@type\":\"SearchAction\",\"target\":{\"@type\":\"EntryPoint\",\"urlTemplate\":\"https:\\\/\\\/winfield.lestaffdigital.fr\\\/fr\\\/?s={search_term_string}\"},\"query-input\":{\"@type\":\"PropertyValueSpecification\",\"valueRequired\":true,\"valueName\":\"search_term_string\"}}],\"inLanguage\":\"fr-FR\"},{\"@type\":\"Organization\",\"@id\":\"https:\\\/\\\/winfield.lestaffdigital.fr\\\/fr\\\/#organization\",\"name\":\"Winfield\",\"url\":\"https:\\\/\\\/winfield.lestaffdigital.fr\\\/fr\\\/\",\"logo\":{\"@type\":\"ImageObject\",\"inLanguage\":\"fr-FR\",\"@id\":\"https:\\\/\\\/winfield.lestaffdigital.fr\\\/fr\\\/#\\\/schema\\\/logo\\\/image\\\/\",\"url\":\"https:\\\/\\\/winfield.lestaffdigital.fr\\\/wp-content\\\/uploads\\\/2023\\\/03\\\/Groupe-452.png\",\"contentUrl\":\"https:\\\/\\\/winfield.lestaffdigital.fr\\\/wp-content\\\/uploads\\\/2023\\\/03\\\/Groupe-452.png\",\"width\":186,\"height\":72,\"caption\":\"Winfield\"},\"image\":{\"@id\":\"https:\\\/\\\/winfield.lestaffdigital.fr\\\/fr\\\/#\\\/schema\\\/logo\\\/image\\\/\"}}]}<\/script>\n<!-- \/ Yoast SEO plugin. -->","yoast_head_json":{"title":"NOTRE HISTOIRE - Winfield Racing School","description":"D\u00e9couvrez tout de notre histoire, de notre cr\u00e9ation, notre emplacement au Circuit Paul Ricard jusqu'aux l\u00e9gendes WINFIELD comme Alain Prost.","robots":{"index":"index","follow":"follow","max-snippet":"max-snippet:-1","max-image-preview":"max-image-preview:large","max-video-preview":"max-video-preview:-1"},"canonical":"https:\/\/winfield.lestaffdigital.fr\/fr\/discover\/notre-histoire\/","og_locale":"fr_FR","og_type":"article","og_title":"NOTRE HISTOIRE - Winfield Racing School","og_description":"D\u00e9couvrez tout de notre histoire, de notre cr\u00e9ation, notre emplacement au Circuit Paul Ricard jusqu'aux l\u00e9gendes WINFIELD comme Alain Prost.","og_url":"https:\/\/winfield.lestaffdigital.fr\/fr\/discover\/notre-histoire\/","og_site_name":"Winfield","article_modified_time":"2025-01-21T15:05:39+00:00","og_image":[{"width":2560,"height":1701,"url":"https:\/\/winfield.lestaffdigital.fr\/wp-content\/uploads\/2023\/09\/OUR-STORY_Header-scaled.jpg","type":"image\/jpeg"}],"twitter_card":"summary_large_image","twitter_misc":{"Dur\u00e9e de lecture estim\u00e9e":"1 minute"},"schema":{"@context":"https:\/\/schema.org","@graph":[{"@type":"WebPage","@id":"https:\/\/winfield.lestaffdigital.fr\/fr\/discover\/notre-histoire\/","url":"https:\/\/winfield.lestaffdigital.fr\/fr\/discover\/notre-histoire\/","name":"NOTRE HISTOIRE - Winfield Racing School","isPartOf":{"@id":"https:\/\/winfield.lestaffdigital.fr\/fr\/#website"},"primaryImageOfPage":{"@id":"https:\/\/winfield.lestaffdigital.fr\/fr\/discover\/notre-histoire\/#primaryimage"},"image":{"@id":"https:\/\/winfield.lestaffdigital.fr\/fr\/discover\/notre-histoire\/#primaryimage"},"thumbnailUrl":"https:\/\/winfield.lestaffdigital.fr\/wp-content\/uploads\/2023\/09\/OUR-STORY_Header-scaled.jpg","datePublished":"2023-04-14T05:22:25+00:00","dateModified":"2025-01-21T15:05:39+00:00","description":"D\u00e9couvrez tout de notre histoire, de notre cr\u00e9ation, notre emplacement au Circuit Paul Ricard jusqu'aux l\u00e9gendes WINFIELD comme Alain Prost.","breadcrumb":{"@id":"https:\/\/winfield.lestaffdigital.fr\/fr\/discover\/notre-histoire\/#breadcrumb"},"inLanguage":"fr-FR","potentialAction":[{"@type":"ReadAction","target":["https:\/\/winfield.lestaffdigital.fr\/fr\/discover\/notre-histoire\/"]}]},{"@type":"ImageObject","inLanguage":"fr-FR","@id":"https:\/\/winfield.lestaffdigital.fr\/fr\/discover\/notre-histoire\/#primaryimage","url":"https:\/\/winfield.lestaffdigital.fr\/wp-content\/uploads\/2023\/09\/OUR-STORY_Header-scaled.jpg","contentUrl":"https:\/\/winfield.lestaffdigital.fr\/wp-content\/uploads\/2023\/09\/OUR-STORY_Header-scaled.jpg","width":2560,"height":1701},{"@type":"BreadcrumbList","@id":"https:\/\/winfield.lestaffdigital.fr\/fr\/discover\/notre-histoire\/#breadcrumb","itemListElement":[{"@type":"ListItem","position":1,"name":"Home","item":"https:\/\/winfield.lestaffdigital.fr\/fr\/"},{"@type":"ListItem","position":2,"name":"D\u00e9couvrir Winfield","item":"https:\/\/winfield.lestaffdigital.fr\/fr\/discover\/"},{"@type":"ListItem","position":3,"name":"NOTRE HISTOIRE"}]},{"@type":"WebSite","@id":"https:\/\/winfield.lestaffdigital.fr\/fr\/#website","url":"https:\/\/winfield.lestaffdigital.fr\/fr\/","name":"Winfield","description":"Circuit automobile &amp; \u00c9cole de pilotage","publisher":{"@id":"https:\/\/winfield.lestaffdigital.fr\/fr\/#organization"},"potentialAction":[{"@type":"SearchAction","target":{"@type":"EntryPoint","urlTemplate":"https:\/\/winfield.lestaffdigital.fr\/fr\/?s={search_term_string}"},"query-input":{"@type":"PropertyValueSpecification","valueRequired":true,"valueName":"search_term_string"}}],"inLanguage":"fr-FR"},{"@type":"Organization","@id":"https:\/\/winfield.lestaffdigital.fr\/fr\/#organization","name":"Winfield","url":"https:\/\/winfield.lestaffdigital.fr\/fr\/","logo":{"@type":"ImageObject","inLanguage":"fr-FR","@id":"https:\/\/winfield.lestaffdigital.fr\/fr\/#\/schema\/logo\/image\/","url":"https:\/\/winfield.lestaffdigital.fr\/wp-content\/uploads\/2023\/03\/Groupe-452.png","contentUrl":"https:\/\/winfield.lestaffdigital.fr\/wp-content\/uploads\/2023\/03\/Groupe-452.png","width":186,"height":72,"caption":"Winfield"},"image":{"@id":"https:\/\/winfield.lestaffdigital.fr\/fr\/#\/schema\/logo\/image\/"}}]}},"_links":{"self":[{"href":"https:\/\/winfield.lestaffdigital.fr\/fr\/wp-json\/wp\/v2\/pages\/461","targetHints":{"allow":["GET"]}}],"collection":[{"href":"https:\/\/winfield.lestaffdigital.fr\/fr\/wp-json\/wp\/v2\/pages"}],"about":[{"href":"https:\/\/winfield.lestaffdigital.fr\/fr\/wp-json\/wp\/v2\/types\/page"}],"author":[{"embeddable":true,"href":"https:\/\/winfield.lestaffdigital.fr\/fr\/wp-json\/wp\/v2\/users\/1"}],"replies":[{"embeddable":true,"href":"https:\/\/winfield.lestaffdigital.fr\/fr\/wp-json\/wp\/v2\/comments?post=461"}],"version-history":[{"count":32,"href":"https:\/\/winfield.lestaffdigital.fr\/fr\/wp-json\/wp\/v2\/pages\/461\/revisions"}],"predecessor-version":[{"id":7556,"href":"https:\/\/winfield.lestaffdigital.fr\/fr\/wp-json\/wp\/v2\/pages\/461\/revisions\/7556"}],"up":[{"embeddable":true,"href":"https:\/\/winfield.lestaffdigital.fr\/fr\/wp-json\/wp\/v2\/pages\/197"}],"wp:featuredmedia":[{"embeddable":true,"href":"https:\/\/winfield.lestaffdigital.fr\/fr\/wp-json\/wp\/v2\/media\/3928"}],"wp:attachment":[{"href":"https:\/\/winfield.lestaffdigital.fr\/fr\/wp-json\/wp\/v2\/media?parent=461"}],"curies":[{"name":"wp","href":"https:\/\/api.w.org\/{rel}","templated":true}]}}