{"id":142,"date":"2023-03-30T22:36:48","date_gmt":"2023-03-30T20:36:48","guid":{"rendered":"https:\/\/winfield.lestaffdigital.fr\/?page_id=142"},"modified":"2024-08-22T17:11:50","modified_gmt":"2024-08-22T15:11:50","slug":"cgv","status":"publish","type":"page","link":"https:\/\/winfield.lestaffdigital.fr\/fr\/cgv\/","title":{"rendered":"CGV"},"content":{"rendered":"<p>&nbsp;<\/p>\n<p>&nbsp;<\/p>\n<p><u><strong><a href=\"https:\/\/winfield.lestaffdigital.fr\/wp-content\/uploads\/2024\/04\/WINFIELD_Terms-Conditions_2024_050424.pdf\">Conditions g\u00e9n\u00e9rales de vente &#8211; Derni\u00e8re mise \u00e0 jour le 5 avril 2024<\/a><\/strong><\/u><\/p>\n","protected":false},"excerpt":{"rendered":"<p>&nbsp; &nbsp; Conditions g\u00e9n\u00e9rales de vente &#8211; Derni\u00e8re mise \u00e0 jour le 5 avril 2024<\/p>\n","protected":false},"author":2,"featured_media":4154,"parent":0,"menu_order":0,"comment_status":"closed","ping_status":"closed","template":"","meta":{"_acf_changed":false,"footnotes":""},"class_list":["post-142","page","type-page","status-publish","has-post-thumbnail","hentry"],"acf":[],"yoast_head":"<!-- This site is optimized with the Yoast SEO plugin v27.6 - https:\/\/yoast.com\/product\/yoast-seo-wordpress\/ -->\n<title>CGV - Winfield<\/title>\n<meta name=\"description\" content=\"Consultez nos conditions g\u00e9n\u00e9rales (CGV) pour tout savoir avant de r\u00e9server et\/ou participer \u00e0 nos activit\u00e9s.\" \/>\n<meta name=\"robots\" content=\"index, follow, max-snippet:-1, max-image-preview:large, max-video-preview:-1\" \/>\n<link rel=\"canonical\" href=\"https:\/\/winfield.lestaffdigital.fr\/fr\/cgv\/\" \/>\n<meta property=\"og:locale\" content=\"fr_FR\" \/>\n<meta property=\"og:type\" content=\"article\" \/>\n<meta property=\"og:title\" content=\"CGV - Winfield\" \/>\n<meta property=\"og:description\" content=\"Consultez nos conditions g\u00e9n\u00e9rales (CGV) pour tout savoir avant de r\u00e9server et\/ou participer \u00e0 nos activit\u00e9s.\" \/>\n<meta property=\"og:url\" content=\"https:\/\/winfield.lestaffdigital.fr\/fr\/cgv\/\" \/>\n<meta property=\"og:site_name\" content=\"Winfield\" \/>\n<meta property=\"article:modified_time\" content=\"2024-08-22T15:11:50+00:00\" \/>\n<meta property=\"og:image\" content=\"https:\/\/winfield.lestaffdigital.fr\/wp-content\/uploads\/2023\/09\/Mention-Legale_HEADER-1-scaled.jpg\" \/>\n\t<meta property=\"og:image:width\" content=\"2560\" \/>\n\t<meta property=\"og:image:height\" content=\"1707\" \/>\n\t<meta property=\"og:image:type\" content=\"image\/jpeg\" \/>\n<meta name=\"twitter:card\" content=\"summary_large_image\" \/>\n<meta name=\"twitter:label1\" content=\"Dur\u00e9e de lecture estim\u00e9e\" \/>\n\t<meta name=\"twitter:data1\" content=\"1 minute\" \/>\n<script type=\"application\/ld+json\" class=\"yoast-schema-graph\">{\"@context\":\"https:\\\/\\\/schema.org\",\"@graph\":[{\"@type\":\"WebPage\",\"@id\":\"https:\\\/\\\/winfield.lestaffdigital.fr\\\/fr\\\/cgv\\\/\",\"url\":\"https:\\\/\\\/winfield.lestaffdigital.fr\\\/fr\\\/cgv\\\/\",\"name\":\"CGV - Winfield\",\"isPartOf\":{\"@id\":\"https:\\\/\\\/winfield.lestaffdigital.fr\\\/fr\\\/#website\"},\"primaryImageOfPage\":{\"@id\":\"https:\\\/\\\/winfield.lestaffdigital.fr\\\/fr\\\/cgv\\\/#primaryimage\"},\"image\":{\"@id\":\"https:\\\/\\\/winfield.lestaffdigital.fr\\\/fr\\\/cgv\\\/#primaryimage\"},\"thumbnailUrl\":\"https:\\\/\\\/winfield.lestaffdigital.fr\\\/wp-content\\\/uploads\\\/2023\\\/09\\\/Mention-Legale_HEADER-1-scaled.jpg\",\"datePublished\":\"2023-03-30T20:36:48+00:00\",\"dateModified\":\"2024-08-22T15:11:50+00:00\",\"description\":\"Consultez nos conditions g\u00e9n\u00e9rales (CGV) pour tout savoir avant de r\u00e9server et\\\/ou participer \u00e0 nos activit\u00e9s.\",\"breadcrumb\":{\"@id\":\"https:\\\/\\\/winfield.lestaffdigital.fr\\\/fr\\\/cgv\\\/#breadcrumb\"},\"inLanguage\":\"fr-FR\",\"potentialAction\":[{\"@type\":\"ReadAction\",\"target\":[\"https:\\\/\\\/winfield.lestaffdigital.fr\\\/fr\\\/cgv\\\/\"]}]},{\"@type\":\"ImageObject\",\"inLanguage\":\"fr-FR\",\"@id\":\"https:\\\/\\\/winfield.lestaffdigital.fr\\\/fr\\\/cgv\\\/#primaryimage\",\"url\":\"https:\\\/\\\/winfield.lestaffdigital.fr\\\/wp-content\\\/uploads\\\/2023\\\/09\\\/Mention-Legale_HEADER-1-scaled.jpg\",\"contentUrl\":\"https:\\\/\\\/winfield.lestaffdigital.fr\\\/wp-content\\\/uploads\\\/2023\\\/09\\\/Mention-Legale_HEADER-1-scaled.jpg\",\"width\":2560,\"height\":1707},{\"@type\":\"BreadcrumbList\",\"@id\":\"https:\\\/\\\/winfield.lestaffdigital.fr\\\/fr\\\/cgv\\\/#breadcrumb\",\"itemListElement\":[{\"@type\":\"ListItem\",\"position\":1,\"name\":\"Home\",\"item\":\"https:\\\/\\\/winfield.lestaffdigital.fr\\\/fr\\\/\"},{\"@type\":\"ListItem\",\"position\":2,\"name\":\"CGV\"}]},{\"@type\":\"WebSite\",\"@id\":\"https:\\\/\\\/winfield.lestaffdigital.fr\\\/fr\\\/#website\",\"url\":\"https:\\\/\\\/winfield.lestaffdigital.fr\\\/fr\\\/\",\"name\":\"Winfield\",\"description\":\"Circuit automobile &amp; \u00c9cole de pilotage\",\"publisher\":{\"@id\":\"https:\\\/\\\/winfield.lestaffdigital.fr\\\/fr\\\/#organization\"},\"potentialAction\":[{\"@type\":\"SearchAction\",\"target\":{\"@type\":\"EntryPoint\",\"urlTemplate\":\"https:\\\/\\\/winfield.lestaffdigital.fr\\\/fr\\\/?s={search_term_string}\"},\"query-input\":{\"@type\":\"PropertyValueSpecification\",\"valueRequired\":true,\"valueName\":\"search_term_string\"}}],\"inLanguage\":\"fr-FR\"},{\"@type\":\"Organization\",\"@id\":\"https:\\\/\\\/winfield.lestaffdigital.fr\\\/fr\\\/#organization\",\"name\":\"Winfield\",\"url\":\"https:\\\/\\\/winfield.lestaffdigital.fr\\\/fr\\\/\",\"logo\":{\"@type\":\"ImageObject\",\"inLanguage\":\"fr-FR\",\"@id\":\"https:\\\/\\\/winfield.lestaffdigital.fr\\\/fr\\\/#\\\/schema\\\/logo\\\/image\\\/\",\"url\":\"https:\\\/\\\/winfield.lestaffdigital.fr\\\/wp-content\\\/uploads\\\/2023\\\/03\\\/Groupe-452.png\",\"contentUrl\":\"https:\\\/\\\/winfield.lestaffdigital.fr\\\/wp-content\\\/uploads\\\/2023\\\/03\\\/Groupe-452.png\",\"width\":186,\"height\":72,\"caption\":\"Winfield\"},\"image\":{\"@id\":\"https:\\\/\\\/winfield.lestaffdigital.fr\\\/fr\\\/#\\\/schema\\\/logo\\\/image\\\/\"}}]}<\/script>\n<!-- \/ Yoast SEO plugin. -->","yoast_head_json":{"title":"CGV - Winfield","description":"Consultez nos conditions g\u00e9n\u00e9rales (CGV) pour tout savoir avant de r\u00e9server et\/ou participer \u00e0 nos activit\u00e9s.","robots":{"index":"index","follow":"follow","max-snippet":"max-snippet:-1","max-image-preview":"max-image-preview:large","max-video-preview":"max-video-preview:-1"},"canonical":"https:\/\/winfield.lestaffdigital.fr\/fr\/cgv\/","og_locale":"fr_FR","og_type":"article","og_title":"CGV - Winfield","og_description":"Consultez nos conditions g\u00e9n\u00e9rales (CGV) pour tout savoir avant de r\u00e9server et\/ou participer \u00e0 nos activit\u00e9s.","og_url":"https:\/\/winfield.lestaffdigital.fr\/fr\/cgv\/","og_site_name":"Winfield","article_modified_time":"2024-08-22T15:11:50+00:00","og_image":[{"width":2560,"height":1707,"url":"https:\/\/winfield.lestaffdigital.fr\/wp-content\/uploads\/2023\/09\/Mention-Legale_HEADER-1-scaled.jpg","type":"image\/jpeg"}],"twitter_card":"summary_large_image","twitter_misc":{"Dur\u00e9e de lecture estim\u00e9e":"1 minute"},"schema":{"@context":"https:\/\/schema.org","@graph":[{"@type":"WebPage","@id":"https:\/\/winfield.lestaffdigital.fr\/fr\/cgv\/","url":"https:\/\/winfield.lestaffdigital.fr\/fr\/cgv\/","name":"CGV - Winfield","isPartOf":{"@id":"https:\/\/winfield.lestaffdigital.fr\/fr\/#website"},"primaryImageOfPage":{"@id":"https:\/\/winfield.lestaffdigital.fr\/fr\/cgv\/#primaryimage"},"image":{"@id":"https:\/\/winfield.lestaffdigital.fr\/fr\/cgv\/#primaryimage"},"thumbnailUrl":"https:\/\/winfield.lestaffdigital.fr\/wp-content\/uploads\/2023\/09\/Mention-Legale_HEADER-1-scaled.jpg","datePublished":"2023-03-30T20:36:48+00:00","dateModified":"2024-08-22T15:11:50+00:00","description":"Consultez nos conditions g\u00e9n\u00e9rales (CGV) pour tout savoir avant de r\u00e9server et\/ou participer \u00e0 nos activit\u00e9s.","breadcrumb":{"@id":"https:\/\/winfield.lestaffdigital.fr\/fr\/cgv\/#breadcrumb"},"inLanguage":"fr-FR","potentialAction":[{"@type":"ReadAction","target":["https:\/\/winfield.lestaffdigital.fr\/fr\/cgv\/"]}]},{"@type":"ImageObject","inLanguage":"fr-FR","@id":"https:\/\/winfield.lestaffdigital.fr\/fr\/cgv\/#primaryimage","url":"https:\/\/winfield.lestaffdigital.fr\/wp-content\/uploads\/2023\/09\/Mention-Legale_HEADER-1-scaled.jpg","contentUrl":"https:\/\/winfield.lestaffdigital.fr\/wp-content\/uploads\/2023\/09\/Mention-Legale_HEADER-1-scaled.jpg","width":2560,"height":1707},{"@type":"BreadcrumbList","@id":"https:\/\/winfield.lestaffdigital.fr\/fr\/cgv\/#breadcrumb","itemListElement":[{"@type":"ListItem","position":1,"name":"Home","item":"https:\/\/winfield.lestaffdigital.fr\/fr\/"},{"@type":"ListItem","position":2,"name":"CGV"}]},{"@type":"WebSite","@id":"https:\/\/winfield.lestaffdigital.fr\/fr\/#website","url":"https:\/\/winfield.lestaffdigital.fr\/fr\/","name":"Winfield","description":"Circuit automobile &amp; \u00c9cole de pilotage","publisher":{"@id":"https:\/\/winfield.lestaffdigital.fr\/fr\/#organization"},"potentialAction":[{"@type":"SearchAction","target":{"@type":"EntryPoint","urlTemplate":"https:\/\/winfield.lestaffdigital.fr\/fr\/?s={search_term_string}"},"query-input":{"@type":"PropertyValueSpecification","valueRequired":true,"valueName":"search_term_string"}}],"inLanguage":"fr-FR"},{"@type":"Organization","@id":"https:\/\/winfield.lestaffdigital.fr\/fr\/#organization","name":"Winfield","url":"https:\/\/winfield.lestaffdigital.fr\/fr\/","logo":{"@type":"ImageObject","inLanguage":"fr-FR","@id":"https:\/\/winfield.lestaffdigital.fr\/fr\/#\/schema\/logo\/image\/","url":"https:\/\/winfield.lestaffdigital.fr\/wp-content\/uploads\/2023\/03\/Groupe-452.png","contentUrl":"https:\/\/winfield.lestaffdigital.fr\/wp-content\/uploads\/2023\/03\/Groupe-452.png","width":186,"height":72,"caption":"Winfield"},"image":{"@id":"https:\/\/winfield.lestaffdigital.fr\/fr\/#\/schema\/logo\/image\/"}}]}},"_links":{"self":[{"href":"https:\/\/winfield.lestaffdigital.fr\/fr\/wp-json\/wp\/v2\/pages\/142","targetHints":{"allow":["GET"]}}],"collection":[{"href":"https:\/\/winfield.lestaffdigital.fr\/fr\/wp-json\/wp\/v2\/pages"}],"about":[{"href":"https:\/\/winfield.lestaffdigital.fr\/fr\/wp-json\/wp\/v2\/types\/page"}],"author":[{"embeddable":true,"href":"https:\/\/winfield.lestaffdigital.fr\/fr\/wp-json\/wp\/v2\/users\/2"}],"replies":[{"embeddable":true,"href":"https:\/\/winfield.lestaffdigital.fr\/fr\/wp-json\/wp\/v2\/comments?post=142"}],"version-history":[{"count":3,"href":"https:\/\/winfield.lestaffdigital.fr\/fr\/wp-json\/wp\/v2\/pages\/142\/revisions"}],"predecessor-version":[{"id":6495,"href":"https:\/\/winfield.lestaffdigital.fr\/fr\/wp-json\/wp\/v2\/pages\/142\/revisions\/6495"}],"wp:featuredmedia":[{"embeddable":true,"href":"https:\/\/winfield.lestaffdigital.fr\/fr\/wp-json\/wp\/v2\/media\/4154"}],"wp:attachment":[{"href":"https:\/\/winfield.lestaffdigital.fr\/fr\/wp-json\/wp\/v2\/media?parent=142"}],"curies":[{"name":"wp","href":"https:\/\/api.w.org\/{rel}","templated":true}]}}