{"id":140,"date":"2023-03-30T22:36:41","date_gmt":"2023-03-30T20:36:41","guid":{"rendered":"https:\/\/winfield.lestaffdigital.fr\/?page_id=140"},"modified":"2024-08-22T17:06:54","modified_gmt":"2024-08-22T15:06:54","slug":"mentions-legales","status":"publish","type":"page","link":"https:\/\/winfield.lestaffdigital.fr\/fr\/mentions-legales\/","title":{"rendered":"Mentions L\u00e9gales"},"content":{"rendered":"<p>&nbsp;<\/p>\n<p>En application des dispositions g\u00e9n\u00e9rales de la Loi LCEN du 21 Juin 2004 et notamment de l\u2019article 19 en particulier, les mentions d\u2019information l\u00e9gales concernant notre site sont les suivantes\u00a0:<\/p>\n<p>&nbsp;<\/p>\n<p><strong>Nom ou d\u00e9nomination sociale de l\u2019\u00e9diteur du site<\/strong> :<\/p>\n<p>SARL WINFIELD RACING SCHOOL \u2013 soci\u00e9t\u00e9 au capital social 10 000,00 \u20ac, ayant si\u00e8ge social 2780 Route des Hauts du camp 83330 Le Castellet<\/p>\n<p>Immatricul\u00e9e au RCS de Toulon B 817 597 222 et au r\u00e9pertoire national des entreprises sous le num\u00e9ro SIREN : 817597222<\/p>\n<p>&nbsp;<\/p>\n<p><strong>Adresse postale &amp; du si\u00e8ge social<\/strong> : 2780 Route des Hauts du camp 83330 Le Castellet<\/p>\n<p>&nbsp;<\/p>\n<p><strong>Num\u00e9ro de t\u00e9l\u00e9phone<\/strong>\u00a0: +33 6 18 36 86 06<\/p>\n<p>Pour notre activit\u00e9 commerciale notre entreprise est assujettie \u00e0 la taxe sur la valeur ajout\u00e9e (TVA) et identifi\u00e9e par un num\u00e9ro individuel en application des dispositions de l\u2019article 286 ter du code g\u00e9n\u00e9ral des imp\u00f4ts soit le num\u00e9ro\u00a0: FR14817597222<\/p>\n<p>&nbsp;<\/p>\n<p><strong>Adresse \u00e9lectronique<\/strong>\u00a0: contact@winfield.lestaffdigital.fr<\/p>\n<p>&nbsp;<\/p>\n<p><strong>Nom du responsable de la publication<\/strong>\u00a0: Monsieur Fr\u00e9d\u00e9ric Garcia<\/p>\n<p>&nbsp;<\/p>\n<p><strong>Coordonn\u00e9es de l&rsquo;h\u00e9bergeur du site\u00a0: <\/strong>O2Switch &#8211; 222 Boulevard Gustave Flaubert, 63000 Clermont-Ferrand &#8211; T\u00e9l\u00e9phone : 04.44.44.60.40<\/p>\n","protected":false},"excerpt":{"rendered":"<p>&nbsp; En application des dispositions g\u00e9n\u00e9rales de la Loi LCEN du 21 Juin 2004 et notamment de l\u2019article 19 en particulier, les mentions d\u2019information l\u00e9gales concernant notre site sont les suivantes\u00a0: &nbsp; Nom ou d\u00e9nomination sociale de l\u2019\u00e9diteur du site : SARL WINFIELD RACING SCHOOL \u2013 soci\u00e9t\u00e9 au capital social 10 000,00 \u20ac, ayant si\u00e8ge [&hellip;]<\/p>\n","protected":false},"author":2,"featured_media":4154,"parent":0,"menu_order":0,"comment_status":"closed","ping_status":"closed","template":"","meta":{"_acf_changed":false,"footnotes":""},"class_list":["post-140","page","type-page","status-publish","has-post-thumbnail","hentry"],"acf":[],"yoast_head":"<!-- This site is optimized with the Yoast SEO plugin v27.6 - https:\/\/yoast.com\/product\/yoast-seo-wordpress\/ -->\n<title>Mentions L\u00e9gales - Winfield<\/title>\n<meta name=\"description\" content=\"Retrouvez les mentions d\u2019information l\u00e9gales concernant notre site, en application des dispositions g\u00e9n\u00e9rales de la Loi LCEN du 21 Juin 2004.\" \/>\n<meta name=\"robots\" content=\"index, follow, max-snippet:-1, max-image-preview:large, max-video-preview:-1\" \/>\n<link rel=\"canonical\" href=\"https:\/\/winfield.lestaffdigital.fr\/fr\/mentions-legales\/\" \/>\n<meta property=\"og:locale\" content=\"fr_FR\" \/>\n<meta property=\"og:type\" content=\"article\" \/>\n<meta property=\"og:title\" content=\"Mentions L\u00e9gales - Winfield\" \/>\n<meta property=\"og:description\" content=\"Retrouvez les mentions d\u2019information l\u00e9gales concernant notre site, en application des dispositions g\u00e9n\u00e9rales de la Loi LCEN du 21 Juin 2004.\" \/>\n<meta property=\"og:url\" content=\"https:\/\/winfield.lestaffdigital.fr\/fr\/mentions-legales\/\" \/>\n<meta property=\"og:site_name\" content=\"Winfield\" \/>\n<meta property=\"article:modified_time\" content=\"2024-08-22T15:06:54+00:00\" \/>\n<meta property=\"og:image\" content=\"https:\/\/winfield.lestaffdigital.fr\/wp-content\/uploads\/2023\/09\/Mention-Legale_HEADER-1-scaled.jpg\" \/>\n\t<meta property=\"og:image:width\" content=\"2560\" \/>\n\t<meta property=\"og:image:height\" content=\"1707\" \/>\n\t<meta property=\"og:image:type\" content=\"image\/jpeg\" \/>\n<meta name=\"twitter:card\" content=\"summary_large_image\" \/>\n<meta name=\"twitter:label1\" content=\"Dur\u00e9e de lecture estim\u00e9e\" \/>\n\t<meta name=\"twitter:data1\" content=\"1 minute\" \/>\n<script type=\"application\/ld+json\" class=\"yoast-schema-graph\">{\"@context\":\"https:\\\/\\\/schema.org\",\"@graph\":[{\"@type\":\"WebPage\",\"@id\":\"https:\\\/\\\/winfield.lestaffdigital.fr\\\/fr\\\/mentions-legales\\\/\",\"url\":\"https:\\\/\\\/winfield.lestaffdigital.fr\\\/fr\\\/mentions-legales\\\/\",\"name\":\"Mentions L\u00e9gales - Winfield\",\"isPartOf\":{\"@id\":\"https:\\\/\\\/winfield.lestaffdigital.fr\\\/fr\\\/#website\"},\"primaryImageOfPage\":{\"@id\":\"https:\\\/\\\/winfield.lestaffdigital.fr\\\/fr\\\/mentions-legales\\\/#primaryimage\"},\"image\":{\"@id\":\"https:\\\/\\\/winfield.lestaffdigital.fr\\\/fr\\\/mentions-legales\\\/#primaryimage\"},\"thumbnailUrl\":\"https:\\\/\\\/winfield.lestaffdigital.fr\\\/wp-content\\\/uploads\\\/2023\\\/09\\\/Mention-Legale_HEADER-1-scaled.jpg\",\"datePublished\":\"2023-03-30T20:36:41+00:00\",\"dateModified\":\"2024-08-22T15:06:54+00:00\",\"description\":\"Retrouvez les mentions d\u2019information l\u00e9gales concernant notre site, en application des dispositions g\u00e9n\u00e9rales de la Loi LCEN du 21 Juin 2004.\",\"breadcrumb\":{\"@id\":\"https:\\\/\\\/winfield.lestaffdigital.fr\\\/fr\\\/mentions-legales\\\/#breadcrumb\"},\"inLanguage\":\"fr-FR\",\"potentialAction\":[{\"@type\":\"ReadAction\",\"target\":[\"https:\\\/\\\/winfield.lestaffdigital.fr\\\/fr\\\/mentions-legales\\\/\"]}]},{\"@type\":\"ImageObject\",\"inLanguage\":\"fr-FR\",\"@id\":\"https:\\\/\\\/winfield.lestaffdigital.fr\\\/fr\\\/mentions-legales\\\/#primaryimage\",\"url\":\"https:\\\/\\\/winfield.lestaffdigital.fr\\\/wp-content\\\/uploads\\\/2023\\\/09\\\/Mention-Legale_HEADER-1-scaled.jpg\",\"contentUrl\":\"https:\\\/\\\/winfield.lestaffdigital.fr\\\/wp-content\\\/uploads\\\/2023\\\/09\\\/Mention-Legale_HEADER-1-scaled.jpg\",\"width\":2560,\"height\":1707},{\"@type\":\"BreadcrumbList\",\"@id\":\"https:\\\/\\\/winfield.lestaffdigital.fr\\\/fr\\\/mentions-legales\\\/#breadcrumb\",\"itemListElement\":[{\"@type\":\"ListItem\",\"position\":1,\"name\":\"Home\",\"item\":\"https:\\\/\\\/winfield.lestaffdigital.fr\\\/fr\\\/\"},{\"@type\":\"ListItem\",\"position\":2,\"name\":\"Mentions L\u00e9gales\"}]},{\"@type\":\"WebSite\",\"@id\":\"https:\\\/\\\/winfield.lestaffdigital.fr\\\/fr\\\/#website\",\"url\":\"https:\\\/\\\/winfield.lestaffdigital.fr\\\/fr\\\/\",\"name\":\"Winfield\",\"description\":\"Circuit automobile &amp; \u00c9cole de pilotage\",\"publisher\":{\"@id\":\"https:\\\/\\\/winfield.lestaffdigital.fr\\\/fr\\\/#organization\"},\"potentialAction\":[{\"@type\":\"SearchAction\",\"target\":{\"@type\":\"EntryPoint\",\"urlTemplate\":\"https:\\\/\\\/winfield.lestaffdigital.fr\\\/fr\\\/?s={search_term_string}\"},\"query-input\":{\"@type\":\"PropertyValueSpecification\",\"valueRequired\":true,\"valueName\":\"search_term_string\"}}],\"inLanguage\":\"fr-FR\"},{\"@type\":\"Organization\",\"@id\":\"https:\\\/\\\/winfield.lestaffdigital.fr\\\/fr\\\/#organization\",\"name\":\"Winfield\",\"url\":\"https:\\\/\\\/winfield.lestaffdigital.fr\\\/fr\\\/\",\"logo\":{\"@type\":\"ImageObject\",\"inLanguage\":\"fr-FR\",\"@id\":\"https:\\\/\\\/winfield.lestaffdigital.fr\\\/fr\\\/#\\\/schema\\\/logo\\\/image\\\/\",\"url\":\"https:\\\/\\\/winfield.lestaffdigital.fr\\\/wp-content\\\/uploads\\\/2023\\\/03\\\/Groupe-452.png\",\"contentUrl\":\"https:\\\/\\\/winfield.lestaffdigital.fr\\\/wp-content\\\/uploads\\\/2023\\\/03\\\/Groupe-452.png\",\"width\":186,\"height\":72,\"caption\":\"Winfield\"},\"image\":{\"@id\":\"https:\\\/\\\/winfield.lestaffdigital.fr\\\/fr\\\/#\\\/schema\\\/logo\\\/image\\\/\"}}]}<\/script>\n<!-- \/ Yoast SEO plugin. -->","yoast_head_json":{"title":"Mentions L\u00e9gales - Winfield","description":"Retrouvez les mentions d\u2019information l\u00e9gales concernant notre site, en application des dispositions g\u00e9n\u00e9rales de la Loi LCEN du 21 Juin 2004.","robots":{"index":"index","follow":"follow","max-snippet":"max-snippet:-1","max-image-preview":"max-image-preview:large","max-video-preview":"max-video-preview:-1"},"canonical":"https:\/\/winfield.lestaffdigital.fr\/fr\/mentions-legales\/","og_locale":"fr_FR","og_type":"article","og_title":"Mentions L\u00e9gales - Winfield","og_description":"Retrouvez les mentions d\u2019information l\u00e9gales concernant notre site, en application des dispositions g\u00e9n\u00e9rales de la Loi LCEN du 21 Juin 2004.","og_url":"https:\/\/winfield.lestaffdigital.fr\/fr\/mentions-legales\/","og_site_name":"Winfield","article_modified_time":"2024-08-22T15:06:54+00:00","og_image":[{"width":2560,"height":1707,"url":"https:\/\/winfield.lestaffdigital.fr\/wp-content\/uploads\/2023\/09\/Mention-Legale_HEADER-1-scaled.jpg","type":"image\/jpeg"}],"twitter_card":"summary_large_image","twitter_misc":{"Dur\u00e9e de lecture estim\u00e9e":"1 minute"},"schema":{"@context":"https:\/\/schema.org","@graph":[{"@type":"WebPage","@id":"https:\/\/winfield.lestaffdigital.fr\/fr\/mentions-legales\/","url":"https:\/\/winfield.lestaffdigital.fr\/fr\/mentions-legales\/","name":"Mentions L\u00e9gales - Winfield","isPartOf":{"@id":"https:\/\/winfield.lestaffdigital.fr\/fr\/#website"},"primaryImageOfPage":{"@id":"https:\/\/winfield.lestaffdigital.fr\/fr\/mentions-legales\/#primaryimage"},"image":{"@id":"https:\/\/winfield.lestaffdigital.fr\/fr\/mentions-legales\/#primaryimage"},"thumbnailUrl":"https:\/\/winfield.lestaffdigital.fr\/wp-content\/uploads\/2023\/09\/Mention-Legale_HEADER-1-scaled.jpg","datePublished":"2023-03-30T20:36:41+00:00","dateModified":"2024-08-22T15:06:54+00:00","description":"Retrouvez les mentions d\u2019information l\u00e9gales concernant notre site, en application des dispositions g\u00e9n\u00e9rales de la Loi LCEN du 21 Juin 2004.","breadcrumb":{"@id":"https:\/\/winfield.lestaffdigital.fr\/fr\/mentions-legales\/#breadcrumb"},"inLanguage":"fr-FR","potentialAction":[{"@type":"ReadAction","target":["https:\/\/winfield.lestaffdigital.fr\/fr\/mentions-legales\/"]}]},{"@type":"ImageObject","inLanguage":"fr-FR","@id":"https:\/\/winfield.lestaffdigital.fr\/fr\/mentions-legales\/#primaryimage","url":"https:\/\/winfield.lestaffdigital.fr\/wp-content\/uploads\/2023\/09\/Mention-Legale_HEADER-1-scaled.jpg","contentUrl":"https:\/\/winfield.lestaffdigital.fr\/wp-content\/uploads\/2023\/09\/Mention-Legale_HEADER-1-scaled.jpg","width":2560,"height":1707},{"@type":"BreadcrumbList","@id":"https:\/\/winfield.lestaffdigital.fr\/fr\/mentions-legales\/#breadcrumb","itemListElement":[{"@type":"ListItem","position":1,"name":"Home","item":"https:\/\/winfield.lestaffdigital.fr\/fr\/"},{"@type":"ListItem","position":2,"name":"Mentions L\u00e9gales"}]},{"@type":"WebSite","@id":"https:\/\/winfield.lestaffdigital.fr\/fr\/#website","url":"https:\/\/winfield.lestaffdigital.fr\/fr\/","name":"Winfield","description":"Circuit automobile &amp; \u00c9cole de pilotage","publisher":{"@id":"https:\/\/winfield.lestaffdigital.fr\/fr\/#organization"},"potentialAction":[{"@type":"SearchAction","target":{"@type":"EntryPoint","urlTemplate":"https:\/\/winfield.lestaffdigital.fr\/fr\/?s={search_term_string}"},"query-input":{"@type":"PropertyValueSpecification","valueRequired":true,"valueName":"search_term_string"}}],"inLanguage":"fr-FR"},{"@type":"Organization","@id":"https:\/\/winfield.lestaffdigital.fr\/fr\/#organization","name":"Winfield","url":"https:\/\/winfield.lestaffdigital.fr\/fr\/","logo":{"@type":"ImageObject","inLanguage":"fr-FR","@id":"https:\/\/winfield.lestaffdigital.fr\/fr\/#\/schema\/logo\/image\/","url":"https:\/\/winfield.lestaffdigital.fr\/wp-content\/uploads\/2023\/03\/Groupe-452.png","contentUrl":"https:\/\/winfield.lestaffdigital.fr\/wp-content\/uploads\/2023\/03\/Groupe-452.png","width":186,"height":72,"caption":"Winfield"},"image":{"@id":"https:\/\/winfield.lestaffdigital.fr\/fr\/#\/schema\/logo\/image\/"}}]}},"_links":{"self":[{"href":"https:\/\/winfield.lestaffdigital.fr\/fr\/wp-json\/wp\/v2\/pages\/140","targetHints":{"allow":["GET"]}}],"collection":[{"href":"https:\/\/winfield.lestaffdigital.fr\/fr\/wp-json\/wp\/v2\/pages"}],"about":[{"href":"https:\/\/winfield.lestaffdigital.fr\/fr\/wp-json\/wp\/v2\/types\/page"}],"author":[{"embeddable":true,"href":"https:\/\/winfield.lestaffdigital.fr\/fr\/wp-json\/wp\/v2\/users\/2"}],"replies":[{"embeddable":true,"href":"https:\/\/winfield.lestaffdigital.fr\/fr\/wp-json\/wp\/v2\/comments?post=140"}],"version-history":[{"count":4,"href":"https:\/\/winfield.lestaffdigital.fr\/fr\/wp-json\/wp\/v2\/pages\/140\/revisions"}],"predecessor-version":[{"id":6493,"href":"https:\/\/winfield.lestaffdigital.fr\/fr\/wp-json\/wp\/v2\/pages\/140\/revisions\/6493"}],"wp:featuredmedia":[{"embeddable":true,"href":"https:\/\/winfield.lestaffdigital.fr\/fr\/wp-json\/wp\/v2\/media\/4154"}],"wp:attachment":[{"href":"https:\/\/winfield.lestaffdigital.fr\/fr\/wp-json\/wp\/v2\/media?parent=140"}],"curies":[{"name":"wp","href":"https:\/\/api.w.org\/{rel}","templated":true}]}}